{"id":2127,"date":"2019-11-28T09:02:53","date_gmt":"2019-11-28T08:02:53","guid":{"rendered":"https:\/\/www.allegrahotel.ch\/?page_id=2127"},"modified":"2019-12-16T14:21:49","modified_gmt":"2019-12-16T13:21:49","slug":"buoni","status":"publish","type":"page","link":"https:\/\/www.allegrahotel.ch\/it\/gutscheine\/","title":{"rendered":"Buoni"},"content":{"rendered":"<div data-elementor-type=\"wp-page\" data-elementor-id=\"2127\" class=\"elementor elementor-2127\" data-elementor-post-type=\"page\">\n\t\t\t\t\t\t<section class=\"elementor-section elementor-top-section elementor-element elementor-element-1fe7a33 elementor-section-content-middle elementor-section-height-min-height elementor-section-boxed elementor-section-height-default elementor-section-items-middle\" data-id=\"1fe7a33\" data-element_type=\"section\" data-e-type=\"section\" data-settings=\"{&quot;background_background&quot;:&quot;classic&quot;}\">\n\t\t\t\t\t\t\t<div class=\"elementor-background-overlay\"><\/div>\n\t\t\t\t\t\t\t<div class=\"elementor-container elementor-column-gap-default\">\n\t\t\t\t\t<div class=\"elementor-column elementor-col-100 elementor-top-column elementor-element elementor-element-6646df5\" data-id=\"6646df5\" data-element_type=\"column\" data-e-type=\"column\">\n\t\t\t<div class=\"elementor-widget-wrap\">\n\t\t\t\t\t\t\t<\/div>\n\t\t<\/div>\n\t\t\t\t\t<\/div>\n\t\t<\/section>\n\t\t\t\t<section class=\"elementor-section elementor-top-section elementor-element elementor-element-f1a8108 elementor-section-boxed elementor-section-height-default elementor-section-height-default\" data-id=\"f1a8108\" data-element_type=\"section\" data-e-type=\"section\">\n\t\t\t\t\t\t<div class=\"elementor-container elementor-column-gap-no\">\n\t\t\t\t\t<div class=\"elementor-column elementor-col-100 elementor-top-column elementor-element elementor-element-2c47628\" data-id=\"2c47628\" data-element_type=\"column\" data-e-type=\"column\">\n\t\t\t<div class=\"elementor-widget-wrap elementor-element-populated\">\n\t\t\t\t\t\t<div class=\"elementor-element elementor-element-f3483a5 elementor-widget elementor-widget-shortcode\" data-id=\"f3483a5\" data-element_type=\"widget\" data-e-type=\"widget\" data-widget_type=\"shortcode.default\">\n\t\t\t\t<div class=\"elementor-widget-container\">\n\t\t\t\t\t\t\t<div class=\"elementor-shortcode\">\t\t<div data-elementor-type=\"section\" data-elementor-id=\"297\" class=\"elementor elementor-297\" data-elementor-post-type=\"elementor_library\">\n\t\t\t\t\t<section class=\"elementor-section elementor-top-section elementor-element elementor-element-353be79 elementor-section-boxed elementor-section-height-default elementor-section-height-default\" data-id=\"353be79\" data-element_type=\"section\" data-e-type=\"section\">\n\t\t\t\t\t\t<div class=\"elementor-container elementor-column-gap-default\">\n\t\t\t\t\t<div class=\"elementor-column elementor-col-100 elementor-top-column elementor-element elementor-element-43ab5e1\" data-id=\"43ab5e1\" data-element_type=\"column\" data-e-type=\"column\">\n\t\t\t<div class=\"elementor-widget-wrap elementor-element-populated\">\n\t\t\t\t\t\t<div class=\"elementor-element elementor-element-b427a98 elementor-widget elementor-widget-breadcrumbs\" data-id=\"b427a98\" data-element_type=\"widget\" data-e-type=\"widget\" data-widget_type=\"breadcrumbs.default\">\n\t\t\t\t<div class=\"elementor-widget-container\">\n\t\t\t\t\t<p id=\"breadcrumbs\">\tAllegra\n<span><span><a href=\"https:\/\/www.allegrahotel.ch\/it\/\">Home<\/a><\/span><\/span><\/p>\t\t\t\t<\/div>\n\t\t\t\t<\/div>\n\t\t\t\t\t<\/div>\n\t\t<\/div>\n\t\t\t\t\t<\/div>\n\t\t<\/section>\n\t\t\t\t<\/div>\n\t\t<\/div>\n\t\t\t\t\t\t<\/div>\n\t\t\t\t<\/div>\n\t\t\t\t\t<\/div>\n\t\t<\/div>\n\t\t\t\t\t<\/div>\n\t\t<\/section>\n\t\t\t\t<section class=\"elementor-section elementor-top-section elementor-element elementor-element-d451bb4 elementor-section-boxed elementor-section-height-default elementor-section-height-default\" data-id=\"d451bb4\" data-element_type=\"section\" data-e-type=\"section\">\n\t\t\t\t\t\t<div class=\"elementor-container elementor-column-gap-no\">\n\t\t\t\t\t<div class=\"elementor-column elementor-col-50 elementor-top-column elementor-element elementor-element-1598cc2\" data-id=\"1598cc2\" data-element_type=\"column\" data-e-type=\"column\">\n\t\t\t<div class=\"elementor-widget-wrap elementor-element-populated\">\n\t\t\t\t\t\t<div class=\"elementor-element elementor-element-3ffb0e8 elementor-widget elementor-widget-heading\" data-id=\"3ffb0e8\" data-element_type=\"widget\" data-e-type=\"widget\" data-widget_type=\"heading.default\">\n\t\t\t\t<div class=\"elementor-widget-container\">\n\t\t\t\t\t<h1 class=\"elementor-heading-title elementor-size-default\">Buoni<\/h1>\t\t\t\t<\/div>\n\t\t\t\t<\/div>\n\t\t\t\t<div class=\"elementor-element elementor-element-aa6a398 elementor-widget elementor-widget-text-editor\" data-id=\"aa6a398\" data-element_type=\"widget\" data-e-type=\"widget\" data-widget_type=\"text-editor.default\">\n\t\t\t\t<div class=\"elementor-widget-container\">\n\t\t\t\t\t\t\t\t\t<h4>Regala tempo e gioia!<\/h4><p>Quale modo migliore di regalare in questi giorni di una piccola pausa dalla vita di tutti i giorni \u2013 vizia i tuoi cari con un buono ALLEGRA. In linea di principio, i buoni valore - possono essere emessi o \u00e8 possibile pre-definire una specifica categoria di camera in una specifica stagione \u2013 chiamaci, saremo lieti di consigliarti!<\/p>\t\t\t\t\t\t\t\t<\/div>\n\t\t\t\t<\/div>\n\t\t\t\t\t<\/div>\n\t\t<\/div>\n\t\t\t\t<div class=\"elementor-column elementor-col-50 elementor-top-column elementor-element elementor-element-d940d85\" data-id=\"d940d85\" data-element_type=\"column\" data-e-type=\"column\" data-settings=\"{&quot;background_background&quot;:&quot;classic&quot;}\">\n\t\t\t<div class=\"elementor-widget-wrap elementor-element-populated\">\n\t\t\t\t\t\t<div class=\"elementor-element elementor-element-025cd7d elementor-widget elementor-widget-spacer\" data-id=\"025cd7d\" data-element_type=\"widget\" data-e-type=\"widget\" data-widget_type=\"spacer.default\">\n\t\t\t\t<div class=\"elementor-widget-container\">\n\t\t\t\t\t\t\t<div class=\"elementor-spacer\">\n\t\t\t<div class=\"elementor-spacer-inner\"><\/div>\n\t\t<\/div>\n\t\t\t\t\t\t<\/div>\n\t\t\t\t<\/div>\n\t\t\t\t\t<\/div>\n\t\t<\/div>\n\t\t\t\t\t<\/div>\n\t\t<\/section>\n\t\t\t\t<section class=\"elementor-section elementor-top-section elementor-element elementor-element-f2187a0 elementor-section-full_width elementor-section-height-default elementor-section-height-default\" data-id=\"f2187a0\" data-element_type=\"section\" data-e-type=\"section\">\n\t\t\t\t\t\t<div class=\"elementor-container elementor-column-gap-no\">\n\t\t\t\t\t<div class=\"elementor-column elementor-col-100 elementor-top-column elementor-element elementor-element-115f372\" data-id=\"115f372\" data-element_type=\"column\" data-e-type=\"column\">\n\t\t\t<div class=\"elementor-widget-wrap elementor-element-populated\">\n\t\t\t\t\t\t<div class=\"elementor-element elementor-element-53f24b6 elementor-widget elementor-widget-shortcode\" data-id=\"53f24b6\" data-element_type=\"widget\" data-e-type=\"widget\" data-widget_type=\"shortcode.default\">\n\t\t\t\t<div class=\"elementor-widget-container\">\n\t\t\t\t\t\t\t<div class=\"elementor-shortcode\">\t\t<div data-elementor-type=\"section\" data-elementor-id=\"1927\" class=\"elementor elementor-1927\" data-elementor-post-type=\"elementor_library\">\n\t\t\t\t\t<section class=\"elementor-section elementor-top-section elementor-element elementor-element-dc6aa50 elementor-section-content-middle elementor-section-boxed elementor-section-height-default elementor-section-height-default\" data-id=\"dc6aa50\" data-element_type=\"section\" data-e-type=\"section\" data-settings=\"{&quot;background_background&quot;:&quot;classic&quot;}\">\n\t\t\t\t\t\t<div class=\"elementor-container elementor-column-gap-no\">\n\t\t\t\t\t<div class=\"elementor-column elementor-col-50 elementor-top-column elementor-element elementor-element-011969a\" data-id=\"011969a\" data-element_type=\"column\" data-e-type=\"column\">\n\t\t\t<div class=\"elementor-widget-wrap elementor-element-populated\">\n\t\t\t\t\t\t<div class=\"elementor-element elementor-element-9d7d5e8 elementor-widget elementor-widget-heading\" data-id=\"9d7d5e8\" data-element_type=\"widget\" data-e-type=\"widget\" data-widget_type=\"heading.default\">\n\t\t\t\t<div class=\"elementor-widget-container\">\n\t\t\t\t\t<h4 class=\"elementor-heading-title elementor-size-default\">Contattaci per ulteriori informazioni o richieste di prenotazione.<\/h4>\t\t\t\t<\/div>\n\t\t\t\t<\/div>\n\t\t\t\t<div class=\"elementor-element elementor-element-fc5318c elementor-widget elementor-widget-text-editor\" data-id=\"fc5318c\" data-element_type=\"widget\" data-e-type=\"widget\" data-widget_type=\"text-editor.default\">\n\t\t\t\t<div class=\"elementor-widget-container\">\n\t\t\t\t\t\t\t\t\t<h6>Chiamaci <a href=\"tel: +41818389900\">+41 81 838 99 00<\/a>\u200b<\/h6>\t\t\t\t\t\t\t\t<\/div>\n\t\t\t\t<\/div>\n\t\t\t\t\t<\/div>\n\t\t<\/div>\n\t\t\t\t<div class=\"elementor-column elementor-col-50 elementor-top-column elementor-element elementor-element-2767328\" data-id=\"2767328\" data-element_type=\"column\" data-e-type=\"column\">\n\t\t\t<div class=\"elementor-widget-wrap elementor-element-populated\">\n\t\t\t\t\t\t<div class=\"elementor-element elementor-element-b3386b8 elementor-align-right elementor-mobile-align-left elementor-tablet-align-right elementor-widget elementor-widget-button\" data-id=\"b3386b8\" data-element_type=\"widget\" data-e-type=\"widget\" data-widget_type=\"button.default\">\n\t\t\t\t<div class=\"elementor-widget-container\">\n\t\t\t\t\t\t\t\t\t<div class=\"elementor-button-wrapper\">\n\t\t\t\t\t<a class=\"elementor-button elementor-button-link elementor-size-sm\" href=\"https:\/\/www.allegrahotel.ch\/it\/contatto\/\" id=\"fantasma\">\n\t\t\t\t\t\t<span class=\"elementor-button-content-wrapper\">\n\t\t\t\t\t\t\t\t\t<span class=\"elementor-button-text\">Contatto<\/span>\n\t\t\t\t\t<\/span>\n\t\t\t\t\t<\/a>\n\t\t\t\t<\/div>\n\t\t\t\t\t\t\t\t<\/div>\n\t\t\t\t<\/div>\n\t\t\t\t\t<\/div>\n\t\t<\/div>\n\t\t\t\t\t<\/div>\n\t\t<\/section>\n\t\t\t\t<\/div>\n\t\t<\/div>\n\t\t\t\t\t\t<\/div>\n\t\t\t\t<\/div>\n\t\t\t\t\t<\/div>\n\t\t<\/div>\n\t\t\t\t\t<\/div>\n\t\t<\/section>\n\t\t\t\t<\/div>","protected":false},"excerpt":{"rendered":"<p>Gutscheine Schenken Sie Zeit und Freude! Was kann man heutzutage besser verschenken als ein kleine Auszeit vom Alltag \u2013 verw\u00f6hnen Sie Ihre Lieben mit einem ALLEGRA-Gutschein. Es k\u00f6nnen grunds\u00e4tzlich Wert-Gutscheine ausgestellt werden oder Sie legen sich schon vorab auf eine bestimmte Zimmerkategorie zu einer bestimmten Saisonzeit fest \u2013 rufen sie uns an, wir beraten Sie [&hellip;]<\/p>\n","protected":false},"author":3,"featured_media":126,"parent":0,"menu_order":0,"comment_status":"closed","ping_status":"closed","template":"","meta":{"site-sidebar-layout":"no-sidebar","site-content-layout":"page-builder","ast-site-content-layout":"default","site-content-style":"default","site-sidebar-style":"default","ast-global-header-display":"","ast-banner-title-visibility":"","ast-main-header-display":"","ast-hfb-above-header-display":"","ast-hfb-below-header-display":"","ast-hfb-mobile-header-display":"","site-post-title":"disabled","ast-breadcrumbs-content":"","ast-featured-img":"disabled","footer-sml-layout":"","ast-disable-related-posts":"","theme-transparent-header-meta":"default","adv-header-id-meta":"","stick-header-meta":"default","header-above-stick-meta":"","header-main-stick-meta":"","header-below-stick-meta":"","astra-migrate-meta-layouts":"default","ast-page-background-enabled":"default","ast-page-background-meta":{"desktop":{"background-color":"","background-image":"","background-repeat":"repeat","background-position":"center center","background-size":"auto","background-attachment":"scroll","background-type":"","background-media":"","overlay-type":"","overlay-color":"","overlay-opacity":"","overlay-gradient":""},"tablet":{"background-color":"","background-image":"","background-repeat":"repeat","background-position":"center center","background-size":"auto","background-attachment":"scroll","background-type":"","background-media":"","overlay-type":"","overlay-color":"","overlay-opacity":"","overlay-gradient":""},"mobile":{"background-color":"","background-image":"","background-repeat":"repeat","background-position":"center center","background-size":"auto","background-attachment":"scroll","background-type":"","background-media":"","overlay-type":"","overlay-color":"","overlay-opacity":"","overlay-gradient":""}},"ast-content-background-meta":{"desktop":{"background-color":"var(--ast-global-color-5)","background-image":"","background-repeat":"repeat","background-position":"center center","background-size":"auto","background-attachment":"scroll","background-type":"","background-media":"","overlay-type":"","overlay-color":"","overlay-opacity":"","overlay-gradient":""},"tablet":{"background-color":"var(--ast-global-color-5)","background-image":"","background-repeat":"repeat","background-position":"center center","background-size":"auto","background-attachment":"scroll","background-type":"","background-media":"","overlay-type":"","overlay-color":"","overlay-opacity":"","overlay-gradient":""},"mobile":{"background-color":"var(--ast-global-color-5)","background-image":"","background-repeat":"repeat","background-position":"center center","background-size":"auto","background-attachment":"scroll","background-type":"","background-media":"","overlay-type":"","overlay-color":"","overlay-opacity":"","overlay-gradient":""}},"footnotes":""},"categories":[18],"tags":[],"class_list":["post-2127","page","type-page","status-publish","has-post-thumbnail","hentry","category-hotel"],"yoast_head":"<!-- This site is optimized with the Yoast SEO plugin v27.4 - https:\/\/yoast.com\/product\/yoast-seo-wordpress\/ -->\n<title>Gutscheine - Allegra Hotel Pontresina<\/title>\n<meta name=\"robots\" content=\"index, follow, max-snippet:-1, max-image-preview:large, max-video-preview:-1\" \/>\n<link rel=\"canonical\" href=\"https:\/\/www.allegrahotel.ch\/it\/buoni\/\" \/>\n<meta property=\"og:locale\" content=\"it_IT\" \/>\n<meta property=\"og:type\" content=\"article\" \/>\n<meta property=\"og:title\" content=\"Gutscheine - Allegra Hotel Pontresina\" \/>\n<meta property=\"og:description\" content=\"Gutscheine Schenken Sie Zeit und Freude! Was kann man heutzutage besser verschenken als ein kleine Auszeit vom Alltag \u2013 verw\u00f6hnen Sie Ihre Lieben mit einem ALLEGRA-Gutschein. Es k\u00f6nnen grunds\u00e4tzlich Wert-Gutscheine ausgestellt werden oder Sie legen sich schon vorab auf eine bestimmte Zimmerkategorie zu einer bestimmten Saisonzeit fest \u2013 rufen sie uns an, wir beraten Sie [&hellip;]\" \/>\n<meta property=\"og:url\" content=\"https:\/\/www.allegrahotel.ch\/it\/buoni\/\" \/>\n<meta property=\"og:site_name\" content=\"Allegra Hotel Pontresina\" \/>\n<meta property=\"article:modified_time\" content=\"2019-12-16T13:21:49+00:00\" \/>\n<meta property=\"og:image\" content=\"https:\/\/www.allegrahotel.ch\/wp-content\/uploads\/2019\/11\/01_Doppelzimmer_30m2_Topfloor.jpg\" \/>\n\t<meta property=\"og:image:width\" content=\"780\" \/>\n\t<meta property=\"og:image:height\" content=\"520\" \/>\n\t<meta property=\"og:image:type\" content=\"image\/jpeg\" \/>\n<meta name=\"twitter:card\" content=\"summary_large_image\" \/>\n<script type=\"application\/ld+json\" class=\"yoast-schema-graph\">{\"@context\":\"https:\\\/\\\/schema.org\",\"@graph\":[{\"@type\":\"WebPage\",\"@id\":\"https:\\\/\\\/www.allegrahotel.ch\\\/it\\\/buoni\\\/\",\"url\":\"https:\\\/\\\/www.allegrahotel.ch\\\/it\\\/buoni\\\/\",\"name\":\"Gutscheine - Allegra Hotel Pontresina\",\"isPartOf\":{\"@id\":\"https:\\\/\\\/www.allegrahotel.ch\\\/#website\"},\"primaryImageOfPage\":{\"@id\":\"https:\\\/\\\/www.allegrahotel.ch\\\/it\\\/buoni\\\/#primaryimage\"},\"image\":{\"@id\":\"https:\\\/\\\/www.allegrahotel.ch\\\/it\\\/buoni\\\/#primaryimage\"},\"thumbnailUrl\":\"https:\\\/\\\/www.allegrahotel.ch\\\/wp-content\\\/uploads\\\/2019\\\/11\\\/01_Doppelzimmer_30m2_Topfloor.jpg\",\"datePublished\":\"2019-11-28T08:02:53+00:00\",\"dateModified\":\"2019-12-16T13:21:49+00:00\",\"breadcrumb\":{\"@id\":\"https:\\\/\\\/www.allegrahotel.ch\\\/it\\\/buoni\\\/#breadcrumb\"},\"inLanguage\":\"it-IT\",\"potentialAction\":[{\"@type\":\"ReadAction\",\"target\":[\"https:\\\/\\\/www.allegrahotel.ch\\\/it\\\/buoni\\\/\"]}]},{\"@type\":\"ImageObject\",\"inLanguage\":\"it-IT\",\"@id\":\"https:\\\/\\\/www.allegrahotel.ch\\\/it\\\/buoni\\\/#primaryimage\",\"url\":\"https:\\\/\\\/www.allegrahotel.ch\\\/wp-content\\\/uploads\\\/2019\\\/11\\\/01_Doppelzimmer_30m2_Topfloor.jpg\",\"contentUrl\":\"https:\\\/\\\/www.allegrahotel.ch\\\/wp-content\\\/uploads\\\/2019\\\/11\\\/01_Doppelzimmer_30m2_Topfloor.jpg\",\"width\":780,\"height\":520},{\"@type\":\"BreadcrumbList\",\"@id\":\"https:\\\/\\\/www.allegrahotel.ch\\\/it\\\/buoni\\\/#breadcrumb\",\"itemListElement\":[{\"@type\":\"ListItem\",\"position\":1,\"name\":\"Home\",\"item\":\"https:\\\/\\\/www.allegrahotel.ch\\\/\"},{\"@type\":\"ListItem\",\"position\":2,\"name\":\"Hotel\",\"item\":\"https:\\\/\\\/www.allegrahotel.ch\\\/it\\\/c\\\/hotel\\\/\"},{\"@type\":\"ListItem\",\"position\":3,\"name\":\"Gutscheine\"}]},{\"@type\":\"WebSite\",\"@id\":\"https:\\\/\\\/www.allegrahotel.ch\\\/#website\",\"url\":\"https:\\\/\\\/www.allegrahotel.ch\\\/\",\"name\":\"Allegra Hotel Pontresina\",\"description\":\"Unser ALLEGRA bietet Ihnen auf 4 Etagen eine Auswahl an 54 Zimmern\",\"publisher\":{\"@id\":\"https:\\\/\\\/www.allegrahotel.ch\\\/#organization\"},\"potentialAction\":[{\"@type\":\"SearchAction\",\"target\":{\"@type\":\"EntryPoint\",\"urlTemplate\":\"https:\\\/\\\/www.allegrahotel.ch\\\/?s={search_term_string}\"},\"query-input\":{\"@type\":\"PropertyValueSpecification\",\"valueRequired\":true,\"valueName\":\"search_term_string\"}}],\"inLanguage\":\"it-IT\"},{\"@type\":\"Organization\",\"@id\":\"https:\\\/\\\/www.allegrahotel.ch\\\/#organization\",\"name\":\"Allegra Hotel Pontresina\",\"url\":\"https:\\\/\\\/www.allegrahotel.ch\\\/\",\"logo\":{\"@type\":\"ImageObject\",\"inLanguage\":\"it-IT\",\"@id\":\"https:\\\/\\\/www.allegrahotel.ch\\\/#\\\/schema\\\/logo\\\/image\\\/\",\"url\":\"https:\\\/\\\/www.allegrahotel.ch\\\/wp-content\\\/uploads\\\/2019\\\/11\\\/cropped-allegra_logo.png\",\"contentUrl\":\"https:\\\/\\\/www.allegrahotel.ch\\\/wp-content\\\/uploads\\\/2019\\\/11\\\/cropped-allegra_logo.png\",\"width\":417,\"height\":152,\"caption\":\"Allegra Hotel Pontresina\"},\"image\":{\"@id\":\"https:\\\/\\\/www.allegrahotel.ch\\\/#\\\/schema\\\/logo\\\/image\\\/\"}}]}<\/script>\n<!-- \/ Yoast SEO plugin. -->","yoast_head_json":{"title":"Buoni sconto - Allegra Hotel Pontresina","robots":{"index":"index","follow":"follow","max-snippet":"max-snippet:-1","max-image-preview":"max-image-preview:large","max-video-preview":"max-video-preview:-1"},"canonical":"https:\/\/www.allegrahotel.ch\/it\/buoni\/","og_locale":"it_IT","og_type":"article","og_title":"Gutscheine - Allegra Hotel Pontresina","og_description":"Gutscheine Schenken Sie Zeit und Freude! Was kann man heutzutage besser verschenken als ein kleine Auszeit vom Alltag \u2013 verw\u00f6hnen Sie Ihre Lieben mit einem ALLEGRA-Gutschein. Es k\u00f6nnen grunds\u00e4tzlich Wert-Gutscheine ausgestellt werden oder Sie legen sich schon vorab auf eine bestimmte Zimmerkategorie zu einer bestimmten Saisonzeit fest \u2013 rufen sie uns an, wir beraten Sie [&hellip;]","og_url":"https:\/\/www.allegrahotel.ch\/it\/buoni\/","og_site_name":"Allegra Hotel Pontresina","article_modified_time":"2019-12-16T13:21:49+00:00","og_image":[{"width":780,"height":520,"url":"https:\/\/www.allegrahotel.ch\/wp-content\/uploads\/2019\/11\/01_Doppelzimmer_30m2_Topfloor.jpg","type":"image\/jpeg"}],"twitter_card":"summary_large_image","schema":{"@context":"https:\/\/schema.org","@graph":[{"@type":"WebPage","@id":"https:\/\/www.allegrahotel.ch\/it\/buoni\/","url":"https:\/\/www.allegrahotel.ch\/it\/buoni\/","name":"Buoni sconto - Allegra Hotel Pontresina","isPartOf":{"@id":"https:\/\/www.allegrahotel.ch\/#website"},"primaryImageOfPage":{"@id":"https:\/\/www.allegrahotel.ch\/it\/buoni\/#primaryimage"},"image":{"@id":"https:\/\/www.allegrahotel.ch\/it\/buoni\/#primaryimage"},"thumbnailUrl":"https:\/\/www.allegrahotel.ch\/wp-content\/uploads\/2019\/11\/01_Doppelzimmer_30m2_Topfloor.jpg","datePublished":"2019-11-28T08:02:53+00:00","dateModified":"2019-12-16T13:21:49+00:00","breadcrumb":{"@id":"https:\/\/www.allegrahotel.ch\/it\/buoni\/#breadcrumb"},"inLanguage":"it-IT","potentialAction":[{"@type":"ReadAction","target":["https:\/\/www.allegrahotel.ch\/it\/buoni\/"]}]},{"@type":"ImageObject","inLanguage":"it-IT","@id":"https:\/\/www.allegrahotel.ch\/it\/buoni\/#primaryimage","url":"https:\/\/www.allegrahotel.ch\/wp-content\/uploads\/2019\/11\/01_Doppelzimmer_30m2_Topfloor.jpg","contentUrl":"https:\/\/www.allegrahotel.ch\/wp-content\/uploads\/2019\/11\/01_Doppelzimmer_30m2_Topfloor.jpg","width":780,"height":520},{"@type":"BreadcrumbList","@id":"https:\/\/www.allegrahotel.ch\/it\/buoni\/#breadcrumb","itemListElement":[{"@type":"ListItem","position":1,"name":"Home","item":"https:\/\/www.allegrahotel.ch\/"},{"@type":"ListItem","position":2,"name":"Hotel","item":"https:\/\/www.allegrahotel.ch\/it\/c\/hotel\/"},{"@type":"ListItem","position":3,"name":"Gutscheine"}]},{"@type":"WebSite","@id":"https:\/\/www.allegrahotel.ch\/#website","url":"https:\/\/www.allegrahotel.ch\/","name":"Allegra Hotel Pontresina","description":"Il nostro ALLEGRA ti offre una scelta di 54 camere su 4 piani","publisher":{"@id":"https:\/\/www.allegrahotel.ch\/#organization"},"potentialAction":[{"@type":"SearchAction","target":{"@type":"EntryPoint","urlTemplate":"https:\/\/www.allegrahotel.ch\/?s={search_term_string}"},"query-input":{"@type":"PropertyValueSpecification","valueRequired":true,"valueName":"search_term_string"}}],"inLanguage":"it-IT"},{"@type":"Organization","@id":"https:\/\/www.allegrahotel.ch\/#organization","name":"Allegra Hotel Pontresina","url":"https:\/\/www.allegrahotel.ch\/","logo":{"@type":"ImageObject","inLanguage":"it-IT","@id":"https:\/\/www.allegrahotel.ch\/#\/schema\/logo\/image\/","url":"https:\/\/www.allegrahotel.ch\/wp-content\/uploads\/2019\/11\/cropped-allegra_logo.png","contentUrl":"https:\/\/www.allegrahotel.ch\/wp-content\/uploads\/2019\/11\/cropped-allegra_logo.png","width":417,"height":152,"caption":"Allegra Hotel Pontresina"},"image":{"@id":"https:\/\/www.allegrahotel.ch\/#\/schema\/logo\/image\/"}}]}},"_links":{"self":[{"href":"https:\/\/www.allegrahotel.ch\/it\/wp-json\/wp\/v2\/pages\/2127","targetHints":{"allow":["GET"]}}],"collection":[{"href":"https:\/\/www.allegrahotel.ch\/it\/wp-json\/wp\/v2\/pages"}],"about":[{"href":"https:\/\/www.allegrahotel.ch\/it\/wp-json\/wp\/v2\/types\/page"}],"author":[{"embeddable":true,"href":"https:\/\/www.allegrahotel.ch\/it\/wp-json\/wp\/v2\/users\/3"}],"replies":[{"embeddable":true,"href":"https:\/\/www.allegrahotel.ch\/it\/wp-json\/wp\/v2\/comments?post=2127"}],"version-history":[{"count":0,"href":"https:\/\/www.allegrahotel.ch\/it\/wp-json\/wp\/v2\/pages\/2127\/revisions"}],"wp:featuredmedia":[{"embeddable":true,"href":"https:\/\/www.allegrahotel.ch\/it\/wp-json\/wp\/v2\/media\/126"}],"wp:attachment":[{"href":"https:\/\/www.allegrahotel.ch\/it\/wp-json\/wp\/v2\/media?parent=2127"}],"wp:term":[{"taxonomy":"category","embeddable":true,"href":"https:\/\/www.allegrahotel.ch\/it\/wp-json\/wp\/v2\/categories?post=2127"},{"taxonomy":"post_tag","embeddable":true,"href":"https:\/\/www.allegrahotel.ch\/it\/wp-json\/wp\/v2\/tags?post=2127"}],"curies":[{"name":"wp","href":"https:\/\/api.w.org\/{rel}","templated":true}]}}