{"id":1284,"date":"2019-11-19T13:28:02","date_gmt":"2019-11-19T12:28:02","guid":{"rendered":"https:\/\/www.allegrahotel.ch\/?page_id=1284"},"modified":"2019-12-16T09:50:14","modified_gmt":"2019-12-16T08:50:14","slug":"bar-lounge","status":"publish","type":"page","link":"https:\/\/www.allegrahotel.ch\/it\/bar-lounge\/","title":{"rendered":"Bar e Lounge"},"content":{"rendered":"<div data-elementor-type=\"wp-page\" data-elementor-id=\"1284\" class=\"elementor elementor-1284\" data-elementor-post-type=\"page\">\n\t\t\t\t\t\t<section class=\"elementor-section elementor-top-section elementor-element elementor-element-7cf6267 elementor-section-content-middle elementor-section-height-min-height elementor-section-boxed elementor-section-height-default elementor-section-items-middle\" data-id=\"7cf6267\" data-element_type=\"section\" data-e-type=\"section\" data-settings=\"{&quot;background_background&quot;:&quot;classic&quot;}\">\n\t\t\t\t\t\t\t<div class=\"elementor-background-overlay\"><\/div>\n\t\t\t\t\t\t\t<div class=\"elementor-container elementor-column-gap-default\">\n\t\t\t\t\t<div class=\"elementor-column elementor-col-100 elementor-top-column elementor-element elementor-element-edaa33d\" data-id=\"edaa33d\" data-element_type=\"column\" data-e-type=\"column\">\n\t\t\t<div class=\"elementor-widget-wrap\">\n\t\t\t\t\t\t\t<\/div>\n\t\t<\/div>\n\t\t\t\t\t<\/div>\n\t\t<\/section>\n\t\t\t\t<section class=\"elementor-section elementor-top-section elementor-element elementor-element-c325eba elementor-section-boxed elementor-section-height-default elementor-section-height-default\" data-id=\"c325eba\" data-element_type=\"section\" data-e-type=\"section\">\n\t\t\t\t\t\t<div class=\"elementor-container elementor-column-gap-no\">\n\t\t\t\t\t<div class=\"elementor-column elementor-col-100 elementor-top-column elementor-element elementor-element-b5311ea\" data-id=\"b5311ea\" data-element_type=\"column\" data-e-type=\"column\">\n\t\t\t<div class=\"elementor-widget-wrap elementor-element-populated\">\n\t\t\t\t\t\t<div class=\"elementor-element elementor-element-81fa71e elementor-widget elementor-widget-shortcode\" data-id=\"81fa71e\" data-element_type=\"widget\" data-e-type=\"widget\" data-widget_type=\"shortcode.default\">\n\t\t\t\t<div class=\"elementor-widget-container\">\n\t\t\t\t\t\t\t<div class=\"elementor-shortcode\">\t\t<div data-elementor-type=\"section\" data-elementor-id=\"297\" class=\"elementor elementor-297\" data-elementor-post-type=\"elementor_library\">\n\t\t\t\t\t<section class=\"elementor-section elementor-top-section elementor-element elementor-element-353be79 elementor-section-boxed elementor-section-height-default elementor-section-height-default\" data-id=\"353be79\" data-element_type=\"section\" data-e-type=\"section\">\n\t\t\t\t\t\t<div class=\"elementor-container elementor-column-gap-default\">\n\t\t\t\t\t<div class=\"elementor-column elementor-col-100 elementor-top-column elementor-element elementor-element-43ab5e1\" data-id=\"43ab5e1\" data-element_type=\"column\" data-e-type=\"column\">\n\t\t\t<div class=\"elementor-widget-wrap elementor-element-populated\">\n\t\t\t\t\t\t<div class=\"elementor-element elementor-element-b427a98 elementor-widget elementor-widget-breadcrumbs\" data-id=\"b427a98\" data-element_type=\"widget\" data-e-type=\"widget\" data-widget_type=\"breadcrumbs.default\">\n\t\t\t\t<div class=\"elementor-widget-container\">\n\t\t\t\t\t<p id=\"breadcrumbs\">\tAllegra\n<span><span><a href=\"https:\/\/www.allegrahotel.ch\/it\/\">Home<\/a><\/span><\/span><\/p>\t\t\t\t<\/div>\n\t\t\t\t<\/div>\n\t\t\t\t\t<\/div>\n\t\t<\/div>\n\t\t\t\t\t<\/div>\n\t\t<\/section>\n\t\t\t\t<\/div>\n\t\t<\/div>\n\t\t\t\t\t\t<\/div>\n\t\t\t\t<\/div>\n\t\t\t\t\t<\/div>\n\t\t<\/div>\n\t\t\t\t\t<\/div>\n\t\t<\/section>\n\t\t\t\t<section class=\"elementor-section elementor-top-section elementor-element elementor-element-d1c7088 elementor-section-boxed elementor-section-height-default elementor-section-height-default elementor-invisible\" data-id=\"d1c7088\" data-element_type=\"section\" data-e-type=\"section\" data-settings=\"{&quot;animation&quot;:&quot;fadeInUp&quot;}\">\n\t\t\t\t\t\t<div class=\"elementor-container elementor-column-gap-no\">\n\t\t\t\t\t<div class=\"elementor-column elementor-col-100 elementor-top-column elementor-element elementor-element-c6a871d\" data-id=\"c6a871d\" data-element_type=\"column\" data-e-type=\"column\">\n\t\t\t<div class=\"elementor-widget-wrap elementor-element-populated\">\n\t\t\t\t\t\t<div class=\"elementor-element elementor-element-31b9ac4 elementor-widget elementor-widget-heading\" data-id=\"31b9ac4\" data-element_type=\"widget\" data-e-type=\"widget\" data-widget_type=\"heading.default\">\n\t\t\t\t<div class=\"elementor-widget-container\">\n\t\t\t\t\t<h1 class=\"elementor-heading-title elementor-size-default\">Bar e lounge <\/h1>\t\t\t\t<\/div>\n\t\t\t\t<\/div>\n\t\t\t\t<div class=\"elementor-element elementor-element-4275e56 elementor-widget elementor-widget-heading\" data-id=\"4275e56\" data-element_type=\"widget\" data-e-type=\"widget\" data-widget_type=\"heading.default\">\n\t\t\t\t<div class=\"elementor-widget-container\">\n\t\t\t\t\t<h4 class=\"elementor-heading-title elementor-size-default\">Il bar elegante per ogni momento della giornata, per grandi e piccini, per ottimi drink e snack \u2013 semplice e caldo!<\/h4>\t\t\t\t<\/div>\n\t\t\t\t<\/div>\n\t\t\t\t<div class=\"elementor-element elementor-element-824d25e elementor-widget elementor-widget-text-editor\" data-id=\"824d25e\" data-element_type=\"widget\" data-e-type=\"widget\" data-widget_type=\"text-editor.default\">\n\t\t\t\t<div class=\"elementor-widget-container\">\n\t\t\t\t\t\t\t\t\t<p>Sia per un caff\u00e8, navigando nei libri comodamente in un posticino soleggiato, in un gruppo socievole, forse devi lavorare in silenzio per alcuni minuti, controllare le mail e ritirarti per questo, leggere il giornale in pace, fare una chiacchierata con la tua ragazza scegli un buon sorso e goditi la vista, la meritata birretta dopo il lavoro con i colleghi - siediti e lascia vagare la tua mente!<span style=\"font-size: 16px;\">\u00a0<\/span><\/p>\t\t\t\t\t\t\t\t<\/div>\n\t\t\t\t<\/div>\n\t\t\t\t\t<\/div>\n\t\t<\/div>\n\t\t\t\t\t<\/div>\n\t\t<\/section>\n\t\t\t\t<section class=\"elementor-section elementor-top-section elementor-element elementor-element-0d54172 elementor-section-boxed elementor-section-height-default elementor-section-height-default\" data-id=\"0d54172\" data-element_type=\"section\" data-e-type=\"section\">\n\t\t\t\t\t\t<div class=\"elementor-container elementor-column-gap-no\">\n\t\t\t\t\t<div class=\"elementor-column elementor-col-50 elementor-top-column elementor-element elementor-element-64c1106\" data-id=\"64c1106\" data-element_type=\"column\" data-e-type=\"column\">\n\t\t\t<div class=\"elementor-widget-wrap elementor-element-populated\">\n\t\t\t\t\t\t<div class=\"elementor-element elementor-element-6066321 elementor-invisible elementor-widget elementor-widget-image\" data-id=\"6066321\" data-element_type=\"widget\" data-e-type=\"widget\" data-settings=\"{&quot;_animation&quot;:&quot;fadeInLeft&quot;}\" data-widget_type=\"image.default\">\n\t\t\t\t<div class=\"elementor-widget-container\">\n\t\t\t\t\t\t\t\t\t\t\t\t\t\t\t<img decoding=\"async\" src=\"https:\/\/www.allegrahotel.ch\/wp-content\/uploads\/elementor\/thumbs\/lounge_40-oi8vvsneyypgyu94e4w2433319ngbzuhy5bqo66f1c.jpg\" title=\"Allegra Hotel Pontresina\" alt=\"Allegra Hotel Pontresina\" loading=\"lazy\" \/>\t\t\t\t\t\t\t\t\t\t\t\t\t\t\t<\/div>\n\t\t\t\t<\/div>\n\t\t\t\t<div class=\"elementor-element elementor-element-2add505 elementor-invisible elementor-widget elementor-widget-image\" data-id=\"2add505\" data-element_type=\"widget\" data-e-type=\"widget\" data-settings=\"{&quot;_animation&quot;:&quot;fadeInUp&quot;}\" data-widget_type=\"image.default\">\n\t\t\t\t<div class=\"elementor-widget-container\">\n\t\t\t\t\t\t\t\t\t\t\t\t\t\t\t<img decoding=\"async\" src=\"https:\/\/www.allegrahotel.ch\/wp-content\/uploads\/elementor\/thumbs\/allegra_bar_galerie_9-ohwsxqk1s5ppsmy8gdogcfdd35zv30hjwnkwhf318s.jpg\" title=\"Allegra Hotel Pontresina\" alt=\"Allegra Hotel Pontresina\" loading=\"lazy\" \/>\t\t\t\t\t\t\t\t\t\t\t\t\t\t\t<\/div>\n\t\t\t\t<\/div>\n\t\t\t\t\t<\/div>\n\t\t<\/div>\n\t\t\t\t<div class=\"elementor-column elementor-col-50 elementor-top-column elementor-element elementor-element-37a5daf\" data-id=\"37a5daf\" data-element_type=\"column\" data-e-type=\"column\">\n\t\t\t<div class=\"elementor-widget-wrap elementor-element-populated\">\n\t\t\t\t\t\t<div class=\"elementor-element elementor-element-914a971 elementor-invisible elementor-widget elementor-widget-image\" data-id=\"914a971\" data-element_type=\"widget\" data-e-type=\"widget\" data-settings=\"{&quot;_animation&quot;:&quot;fadeInRight&quot;}\" data-widget_type=\"image.default\">\n\t\t\t\t<div class=\"elementor-widget-container\">\n\t\t\t\t\t\t\t\t\t\t\t\t\t\t\t<img decoding=\"async\" src=\"https:\/\/www.allegrahotel.ch\/wp-content\/uploads\/elementor\/thumbs\/allegra_lounge_9-ogy5x2xtlr1w5k1e1a60qxkc406m1nr6emyj99vf9o.jpg\" title=\"Allegra\" alt=\"Allegra\" loading=\"lazy\" \/>\t\t\t\t\t\t\t\t\t\t\t\t\t\t\t<\/div>\n\t\t\t\t<\/div>\n\t\t\t\t<div class=\"elementor-element elementor-element-c9a9eed elementor-invisible elementor-widget elementor-widget-image\" data-id=\"c9a9eed\" data-element_type=\"widget\" data-e-type=\"widget\" data-settings=\"{&quot;_animation&quot;:&quot;fadeInUp&quot;}\" data-widget_type=\"image.default\">\n\t\t\t\t<div class=\"elementor-widget-container\">\n\t\t\t\t\t\t\t\t\t\t\t\t\t\t\t<img decoding=\"async\" src=\"https:\/\/www.allegrahotel.ch\/wp-content\/uploads\/elementor\/thumbs\/grappa-oi8vzopd9a170qloobfgxlqrjoh56wai5ej36eera8.jpg\" title=\"Allegra Hotel Pontresina\" alt=\"Allegra Hotel Pontresina\" loading=\"lazy\" \/>\t\t\t\t\t\t\t\t\t\t\t\t\t\t\t<\/div>\n\t\t\t\t<\/div>\n\t\t\t\t\t<\/div>\n\t\t<\/div>\n\t\t\t\t\t<\/div>\n\t\t<\/section>\n\t\t\t\t<section class=\"elementor-section elementor-top-section elementor-element elementor-element-8d7d9cd elementor-section-boxed elementor-section-height-default elementor-section-height-default elementor-invisible\" data-id=\"8d7d9cd\" data-element_type=\"section\" data-e-type=\"section\" data-settings=\"{&quot;animation&quot;:&quot;fadeInUp&quot;}\">\n\t\t\t\t\t\t<div class=\"elementor-container elementor-column-gap-no\">\n\t\t\t\t\t<div class=\"elementor-column elementor-col-100 elementor-top-column elementor-element elementor-element-43b0c6b\" data-id=\"43b0c6b\" data-element_type=\"column\" data-e-type=\"column\">\n\t\t\t<div class=\"elementor-widget-wrap elementor-element-populated\">\n\t\t\t\t\t\t<div class=\"elementor-element elementor-element-9a0d9ea elementor-widget elementor-widget-text-editor\" data-id=\"9a0d9ea\" data-element_type=\"widget\" data-e-type=\"widget\" data-widget_type=\"text-editor.default\">\n\t\t\t\t<div class=\"elementor-widget-container\">\n\t\t\t\t\t\t\t\t\t<p><span style=\"font-size: 16px;\">Rilassati dopo una giornata attiva e goditi un momento di relax per te o con la famiglia e gli amici! La nostra carta Bar- ti offre una ricca selezione di diversi tipi di birra (compresa la birra Bernina e Pal\u00fc- locale), bevande analcoliche, una buona selezione di Weiss- aperti e vini rossi, principalmente dalla Svizzera e dall&#039;Italia, long drink frizzanti e tutti gli alcolici comuni, grappa ecc\u2026 e snack raffinati per la piccola fame!<\/span><\/p><p>In qualunque campo possiamo aiutarti \u2013 il nostro team si prender\u00e0 sempre cura di te con un sorriso affascinante.<\/p><div>\u00a0<\/div>\t\t\t\t\t\t\t\t<\/div>\n\t\t\t\t<\/div>\n\t\t\t\t\t<\/div>\n\t\t<\/div>\n\t\t\t\t\t<\/div>\n\t\t<\/section>\n\t\t\t\t<\/div>","protected":false},"excerpt":{"rendered":"<p>Bar &amp; Lounge Die stylische Bar f\u00fcr jede Tageszeit, f\u00fcr Jung &#038; Alt, f\u00fcr feine Drinks &#038; Snacks \u2013 unkompliziert &#038; herzlich! Ob auf einen Kaffee zwischendurch, an einem sonnigen Pl\u00e4tzchen gem\u00fctlich in B\u00fcchern schm\u00f6kern, in geselliger Runde, vielleicht m\u00fcssen Sie mal ein paar Minuten ruhig arbeiten, Mails checken &amp; sich hierf\u00fcr zur\u00fcckziehen, in Ruhe [&hellip;]<\/p>\n","protected":false},"author":3,"featured_media":1289,"parent":0,"menu_order":0,"comment_status":"closed","ping_status":"closed","template":"","meta":{"site-sidebar-layout":"no-sidebar","site-content-layout":"page-builder","ast-site-content-layout":"default","site-content-style":"default","site-sidebar-style":"default","ast-global-header-display":"","ast-banner-title-visibility":"","ast-main-header-display":"","ast-hfb-above-header-display":"","ast-hfb-below-header-display":"","ast-hfb-mobile-header-display":"","site-post-title":"disabled","ast-breadcrumbs-content":"","ast-featured-img":"disabled","footer-sml-layout":"","ast-disable-related-posts":"","theme-transparent-header-meta":"default","adv-header-id-meta":"","stick-header-meta":"default","header-above-stick-meta":"","header-main-stick-meta":"","header-below-stick-meta":"","astra-migrate-meta-layouts":"default","ast-page-background-enabled":"default","ast-page-background-meta":{"desktop":{"background-color":"","background-image":"","background-repeat":"repeat","background-position":"center center","background-size":"auto","background-attachment":"scroll","background-type":"","background-media":"","overlay-type":"","overlay-color":"","overlay-opacity":"","overlay-gradient":""},"tablet":{"background-color":"","background-image":"","background-repeat":"repeat","background-position":"center center","background-size":"auto","background-attachment":"scroll","background-type":"","background-media":"","overlay-type":"","overlay-color":"","overlay-opacity":"","overlay-gradient":""},"mobile":{"background-color":"","background-image":"","background-repeat":"repeat","background-position":"center center","background-size":"auto","background-attachment":"scroll","background-type":"","background-media":"","overlay-type":"","overlay-color":"","overlay-opacity":"","overlay-gradient":""}},"ast-content-background-meta":{"desktop":{"background-color":"var(--ast-global-color-5)","background-image":"","background-repeat":"repeat","background-position":"center center","background-size":"auto","background-attachment":"scroll","background-type":"","background-media":"","overlay-type":"","overlay-color":"","overlay-opacity":"","overlay-gradient":""},"tablet":{"background-color":"var(--ast-global-color-5)","background-image":"","background-repeat":"repeat","background-position":"center center","background-size":"auto","background-attachment":"scroll","background-type":"","background-media":"","overlay-type":"","overlay-color":"","overlay-opacity":"","overlay-gradient":""},"mobile":{"background-color":"var(--ast-global-color-5)","background-image":"","background-repeat":"repeat","background-position":"center center","background-size":"auto","background-attachment":"scroll","background-type":"","background-media":"","overlay-type":"","overlay-color":"","overlay-opacity":"","overlay-gradient":""}},"footnotes":""},"categories":[14],"tags":[],"class_list":["post-1284","page","type-page","status-publish","has-post-thumbnail","hentry","category-geniessen"],"yoast_head":"<!-- This site is optimized with the Yoast SEO plugin v27.4 - https:\/\/yoast.com\/product\/yoast-seo-wordpress\/ -->\n<title>Bar &amp; Lounge - Allegra Hotel Pontresina<\/title>\n<meta name=\"robots\" content=\"index, follow, max-snippet:-1, max-image-preview:large, max-video-preview:-1\" \/>\n<link rel=\"canonical\" href=\"https:\/\/www.allegrahotel.ch\/it\/bar-lounge\/\" \/>\n<meta property=\"og:locale\" content=\"it_IT\" \/>\n<meta property=\"og:type\" content=\"article\" \/>\n<meta property=\"og:title\" content=\"Bar &amp; Lounge - Allegra Hotel Pontresina\" \/>\n<meta property=\"og:description\" content=\"Bar &amp; Lounge Die stylische Bar f\u00fcr jede Tageszeit, f\u00fcr Jung &#038; Alt, f\u00fcr feine Drinks &#038; Snacks \u2013 unkompliziert &#038; herzlich! Ob auf einen Kaffee zwischendurch, an einem sonnigen Pl\u00e4tzchen gem\u00fctlich in B\u00fcchern schm\u00f6kern, in geselliger Runde, vielleicht m\u00fcssen Sie mal ein paar Minuten ruhig arbeiten, Mails checken &amp; sich hierf\u00fcr zur\u00fcckziehen, in Ruhe [&hellip;]\" \/>\n<meta property=\"og:url\" content=\"https:\/\/www.allegrahotel.ch\/it\/bar-lounge\/\" \/>\n<meta property=\"og:site_name\" content=\"Allegra Hotel Pontresina\" \/>\n<meta property=\"article:modified_time\" content=\"2019-12-16T08:50:14+00:00\" \/>\n<meta property=\"og:image\" content=\"https:\/\/www.allegrahotel.ch\/wp-content\/uploads\/2019\/11\/allegra_lounge_8.jpg\" \/>\n\t<meta property=\"og:image:width\" content=\"1920\" \/>\n\t<meta property=\"og:image:height\" content=\"1280\" \/>\n\t<meta property=\"og:image:type\" content=\"image\/jpeg\" \/>\n<meta name=\"twitter:card\" content=\"summary_large_image\" \/>\n<meta name=\"twitter:label1\" content=\"Tempo di lettura stimato\" \/>\n\t<meta name=\"twitter:data1\" content=\"1 minuto\" \/>\n<script type=\"application\/ld+json\" class=\"yoast-schema-graph\">{\"@context\":\"https:\\\/\\\/schema.org\",\"@graph\":[{\"@type\":\"WebPage\",\"@id\":\"https:\\\/\\\/www.allegrahotel.ch\\\/bar-lounge\\\/\",\"url\":\"https:\\\/\\\/www.allegrahotel.ch\\\/bar-lounge\\\/\",\"name\":\"Bar & Lounge - Allegra Hotel Pontresina\",\"isPartOf\":{\"@id\":\"https:\\\/\\\/www.allegrahotel.ch\\\/#website\"},\"primaryImageOfPage\":{\"@id\":\"https:\\\/\\\/www.allegrahotel.ch\\\/bar-lounge\\\/#primaryimage\"},\"image\":{\"@id\":\"https:\\\/\\\/www.allegrahotel.ch\\\/bar-lounge\\\/#primaryimage\"},\"thumbnailUrl\":\"https:\\\/\\\/www.allegrahotel.ch\\\/wp-content\\\/uploads\\\/2019\\\/11\\\/allegra_lounge_8.jpg\",\"datePublished\":\"2019-11-19T12:28:02+00:00\",\"dateModified\":\"2019-12-16T08:50:14+00:00\",\"breadcrumb\":{\"@id\":\"https:\\\/\\\/www.allegrahotel.ch\\\/bar-lounge\\\/#breadcrumb\"},\"inLanguage\":\"it-IT\",\"potentialAction\":[{\"@type\":\"ReadAction\",\"target\":[\"https:\\\/\\\/www.allegrahotel.ch\\\/bar-lounge\\\/\"]}]},{\"@type\":\"ImageObject\",\"inLanguage\":\"it-IT\",\"@id\":\"https:\\\/\\\/www.allegrahotel.ch\\\/bar-lounge\\\/#primaryimage\",\"url\":\"https:\\\/\\\/www.allegrahotel.ch\\\/wp-content\\\/uploads\\\/2019\\\/11\\\/allegra_lounge_8.jpg\",\"contentUrl\":\"https:\\\/\\\/www.allegrahotel.ch\\\/wp-content\\\/uploads\\\/2019\\\/11\\\/allegra_lounge_8.jpg\",\"width\":1920,\"height\":1280},{\"@type\":\"BreadcrumbList\",\"@id\":\"https:\\\/\\\/www.allegrahotel.ch\\\/bar-lounge\\\/#breadcrumb\",\"itemListElement\":[{\"@type\":\"ListItem\",\"position\":1,\"name\":\"Home\",\"item\":\"https:\\\/\\\/www.allegrahotel.ch\\\/\"},{\"@type\":\"ListItem\",\"position\":2,\"name\":\"Geniessen\",\"item\":\"https:\\\/\\\/www.allegrahotel.ch\\\/c\\\/geniessen\\\/\"},{\"@type\":\"ListItem\",\"position\":3,\"name\":\"Bar &#038; Lounge\"}]},{\"@type\":\"WebSite\",\"@id\":\"https:\\\/\\\/www.allegrahotel.ch\\\/#website\",\"url\":\"https:\\\/\\\/www.allegrahotel.ch\\\/\",\"name\":\"Allegra Hotel Pontresina\",\"description\":\"Unser ALLEGRA bietet Ihnen auf 4 Etagen eine Auswahl an 54 Zimmern\",\"publisher\":{\"@id\":\"https:\\\/\\\/www.allegrahotel.ch\\\/#organization\"},\"potentialAction\":[{\"@type\":\"SearchAction\",\"target\":{\"@type\":\"EntryPoint\",\"urlTemplate\":\"https:\\\/\\\/www.allegrahotel.ch\\\/?s={search_term_string}\"},\"query-input\":{\"@type\":\"PropertyValueSpecification\",\"valueRequired\":true,\"valueName\":\"search_term_string\"}}],\"inLanguage\":\"it-IT\"},{\"@type\":\"Organization\",\"@id\":\"https:\\\/\\\/www.allegrahotel.ch\\\/#organization\",\"name\":\"Allegra Hotel Pontresina\",\"url\":\"https:\\\/\\\/www.allegrahotel.ch\\\/\",\"logo\":{\"@type\":\"ImageObject\",\"inLanguage\":\"it-IT\",\"@id\":\"https:\\\/\\\/www.allegrahotel.ch\\\/#\\\/schema\\\/logo\\\/image\\\/\",\"url\":\"https:\\\/\\\/www.allegrahotel.ch\\\/wp-content\\\/uploads\\\/2019\\\/11\\\/cropped-allegra_logo.png\",\"contentUrl\":\"https:\\\/\\\/www.allegrahotel.ch\\\/wp-content\\\/uploads\\\/2019\\\/11\\\/cropped-allegra_logo.png\",\"width\":417,\"height\":152,\"caption\":\"Allegra Hotel Pontresina\"},\"image\":{\"@id\":\"https:\\\/\\\/www.allegrahotel.ch\\\/#\\\/schema\\\/logo\\\/image\\\/\"}}]}<\/script>\n<!-- \/ Yoast SEO plugin. -->","yoast_head_json":{"title":"Bar &amp; Lounge - Allegra Hotel Pontresina","robots":{"index":"index","follow":"follow","max-snippet":"max-snippet:-1","max-image-preview":"max-image-preview:large","max-video-preview":"max-video-preview:-1"},"canonical":"https:\/\/www.allegrahotel.ch\/it\/bar-lounge\/","og_locale":"it_IT","og_type":"article","og_title":"Bar & Lounge - Allegra Hotel Pontresina","og_description":"Bar &amp; Lounge Die stylische Bar f\u00fcr jede Tageszeit, f\u00fcr Jung &#038; Alt, f\u00fcr feine Drinks &#038; Snacks \u2013 unkompliziert &#038; herzlich! Ob auf einen Kaffee zwischendurch, an einem sonnigen Pl\u00e4tzchen gem\u00fctlich in B\u00fcchern schm\u00f6kern, in geselliger Runde, vielleicht m\u00fcssen Sie mal ein paar Minuten ruhig arbeiten, Mails checken &amp; sich hierf\u00fcr zur\u00fcckziehen, in Ruhe [&hellip;]","og_url":"https:\/\/www.allegrahotel.ch\/it\/bar-lounge\/","og_site_name":"Allegra Hotel Pontresina","article_modified_time":"2019-12-16T08:50:14+00:00","og_image":[{"width":1920,"height":1280,"url":"https:\/\/www.allegrahotel.ch\/wp-content\/uploads\/2019\/11\/allegra_lounge_8.jpg","type":"image\/jpeg"}],"twitter_card":"summary_large_image","twitter_misc":{"Tempo di lettura stimato":"1 minuto"},"schema":{"@context":"https:\/\/schema.org","@graph":[{"@type":"WebPage","@id":"https:\/\/www.allegrahotel.ch\/bar-lounge\/","url":"https:\/\/www.allegrahotel.ch\/bar-lounge\/","name":"Bar &amp; Lounge - Allegra Hotel Pontresina","isPartOf":{"@id":"https:\/\/www.allegrahotel.ch\/#website"},"primaryImageOfPage":{"@id":"https:\/\/www.allegrahotel.ch\/bar-lounge\/#primaryimage"},"image":{"@id":"https:\/\/www.allegrahotel.ch\/bar-lounge\/#primaryimage"},"thumbnailUrl":"https:\/\/www.allegrahotel.ch\/wp-content\/uploads\/2019\/11\/allegra_lounge_8.jpg","datePublished":"2019-11-19T12:28:02+00:00","dateModified":"2019-12-16T08:50:14+00:00","breadcrumb":{"@id":"https:\/\/www.allegrahotel.ch\/bar-lounge\/#breadcrumb"},"inLanguage":"it-IT","potentialAction":[{"@type":"ReadAction","target":["https:\/\/www.allegrahotel.ch\/bar-lounge\/"]}]},{"@type":"ImageObject","inLanguage":"it-IT","@id":"https:\/\/www.allegrahotel.ch\/bar-lounge\/#primaryimage","url":"https:\/\/www.allegrahotel.ch\/wp-content\/uploads\/2019\/11\/allegra_lounge_8.jpg","contentUrl":"https:\/\/www.allegrahotel.ch\/wp-content\/uploads\/2019\/11\/allegra_lounge_8.jpg","width":1920,"height":1280},{"@type":"BreadcrumbList","@id":"https:\/\/www.allegrahotel.ch\/bar-lounge\/#breadcrumb","itemListElement":[{"@type":"ListItem","position":1,"name":"Home","item":"https:\/\/www.allegrahotel.ch\/"},{"@type":"ListItem","position":2,"name":"Geniessen","item":"https:\/\/www.allegrahotel.ch\/c\/geniessen\/"},{"@type":"ListItem","position":3,"name":"Bar &#038; Lounge"}]},{"@type":"WebSite","@id":"https:\/\/www.allegrahotel.ch\/#website","url":"https:\/\/www.allegrahotel.ch\/","name":"Allegra Hotel Pontresina","description":"Il nostro ALLEGRA ti offre una scelta di 54 camere su 4 piani","publisher":{"@id":"https:\/\/www.allegrahotel.ch\/#organization"},"potentialAction":[{"@type":"SearchAction","target":{"@type":"EntryPoint","urlTemplate":"https:\/\/www.allegrahotel.ch\/?s={search_term_string}"},"query-input":{"@type":"PropertyValueSpecification","valueRequired":true,"valueName":"search_term_string"}}],"inLanguage":"it-IT"},{"@type":"Organization","@id":"https:\/\/www.allegrahotel.ch\/#organization","name":"Allegra Hotel Pontresina","url":"https:\/\/www.allegrahotel.ch\/","logo":{"@type":"ImageObject","inLanguage":"it-IT","@id":"https:\/\/www.allegrahotel.ch\/#\/schema\/logo\/image\/","url":"https:\/\/www.allegrahotel.ch\/wp-content\/uploads\/2019\/11\/cropped-allegra_logo.png","contentUrl":"https:\/\/www.allegrahotel.ch\/wp-content\/uploads\/2019\/11\/cropped-allegra_logo.png","width":417,"height":152,"caption":"Allegra Hotel Pontresina"},"image":{"@id":"https:\/\/www.allegrahotel.ch\/#\/schema\/logo\/image\/"}}]}},"_links":{"self":[{"href":"https:\/\/www.allegrahotel.ch\/it\/wp-json\/wp\/v2\/pages\/1284","targetHints":{"allow":["GET"]}}],"collection":[{"href":"https:\/\/www.allegrahotel.ch\/it\/wp-json\/wp\/v2\/pages"}],"about":[{"href":"https:\/\/www.allegrahotel.ch\/it\/wp-json\/wp\/v2\/types\/page"}],"author":[{"embeddable":true,"href":"https:\/\/www.allegrahotel.ch\/it\/wp-json\/wp\/v2\/users\/3"}],"replies":[{"embeddable":true,"href":"https:\/\/www.allegrahotel.ch\/it\/wp-json\/wp\/v2\/comments?post=1284"}],"version-history":[{"count":0,"href":"https:\/\/www.allegrahotel.ch\/it\/wp-json\/wp\/v2\/pages\/1284\/revisions"}],"wp:featuredmedia":[{"embeddable":true,"href":"https:\/\/www.allegrahotel.ch\/it\/wp-json\/wp\/v2\/media\/1289"}],"wp:attachment":[{"href":"https:\/\/www.allegrahotel.ch\/it\/wp-json\/wp\/v2\/media?parent=1284"}],"wp:term":[{"taxonomy":"category","embeddable":true,"href":"https:\/\/www.allegrahotel.ch\/it\/wp-json\/wp\/v2\/categories?post=1284"},{"taxonomy":"post_tag","embeddable":true,"href":"https:\/\/www.allegrahotel.ch\/it\/wp-json\/wp\/v2\/tags?post=1284"}],"curies":[{"name":"wp","href":"https:\/\/api.w.org\/{rel}","templated":true}]}}