{"id":1197,"date":"2019-11-18T15:08:27","date_gmt":"2019-11-18T14:08:27","guid":{"rendered":"https:\/\/www.allegrahotel.ch\/?page_id=1197"},"modified":"2020-01-29T09:52:59","modified_gmt":"2020-01-29T08:52:59","slug":"erklaerung-la-protezione-dei-dati","status":"publish","type":"page","link":"https:\/\/www.allegrahotel.ch\/it\/datenschutzerklaerung\/","title":{"rendered":"Dichiarazione per la Privacy"},"content":{"rendered":"<div data-elementor-type=\"wp-page\" data-elementor-id=\"1197\" class=\"elementor elementor-1197\" data-elementor-post-type=\"page\">\n\t\t\t\t\t\t<section class=\"elementor-section elementor-top-section elementor-element elementor-element-9e560a9 elementor-section-boxed elementor-section-height-default elementor-section-height-default\" data-id=\"9e560a9\" data-element_type=\"section\" data-e-type=\"section\">\n\t\t\t\t\t\t<div class=\"elementor-container elementor-column-gap-default\">\n\t\t\t\t\t<div class=\"elementor-column elementor-col-100 elementor-top-column elementor-element elementor-element-e1dff18\" data-id=\"e1dff18\" data-element_type=\"column\" data-e-type=\"column\">\n\t\t\t<div class=\"elementor-widget-wrap elementor-element-populated\">\n\t\t\t\t\t\t<div class=\"elementor-element elementor-element-3ffb0e8 elementor-widget elementor-widget-heading\" data-id=\"3ffb0e8\" data-element_type=\"widget\" data-e-type=\"widget\" data-widget_type=\"heading.default\">\n\t\t\t\t<div class=\"elementor-widget-container\">\n\t\t\t\t\t<h2 class=\"elementor-heading-title elementor-size-default\">Dichiarazione per la Privacy<\/h2>\t\t\t\t<\/div>\n\t\t\t\t<\/div>\n\t\t\t\t\t<\/div>\n\t\t<\/div>\n\t\t\t\t\t<\/div>\n\t\t<\/section>\n\t\t\t\t<section class=\"elementor-section elementor-top-section elementor-element elementor-element-0ff3db0 elementor-section-boxed elementor-section-height-default elementor-section-height-default\" data-id=\"0ff3db0\" data-element_type=\"section\" data-e-type=\"section\">\n\t\t\t\t\t\t<div class=\"elementor-container elementor-column-gap-default\">\n\t\t\t\t\t<div class=\"elementor-column elementor-col-50 elementor-top-column elementor-element elementor-element-bf0cb57\" data-id=\"bf0cb57\" data-element_type=\"column\" data-e-type=\"column\">\n\t\t\t<div class=\"elementor-widget-wrap elementor-element-populated\">\n\t\t\t\t\t\t<div class=\"elementor-element elementor-element-d05021f elementor-widget elementor-widget-text-editor\" data-id=\"d05021f\" data-element_type=\"widget\" data-e-type=\"widget\" data-widget_type=\"text-editor.default\">\n\t\t\t\t<div class=\"elementor-widget-container\">\n\t\t\t\t\t\t\t\t\t<p><b>Informazioni importanti<\/b><\/p>\n<p>Le persone che accedono alle informazioni sul sito web dell&#039;Hotel Allegra accettano le seguenti condizioni e si impegnano a seguire la netiquette:<\/p>\n<p><b>Uso del sito Web e copyright<\/b><\/p>\n<p>L&#039;intero contenuto del sito Web \u00e8 protetto da copyright (tutti i diritti riservati). \u00c8 consentito scaricare o stampare singole pagine e sezioni del sito Web a condizione che non vengano rimossi n\u00e9 gli avvisi di copyright n\u00e9 altri nomi legalmente protetti. Se scarichi software o altri dati dal sito Web o li riproduci in qualsiasi altro modo, tutti i diritti di propriet\u00e0 rimangono su Hotel Allegra. La riproduzione totale o parziale, la trasmissione (elettronica o con altri mezzi), la modifica, il collegamento o l&#039;uso del sito Web per scopi pubblici o commerciali \u00e8 vietata senza il previo consenso scritto di Hotel Allegra. Loghi e nomi di prodotti sono marchi registrati di Hotel Allegra. Nessuna parte del sito Web \u00e8 progettata per concedere una licenza o il diritto di utilizzare un&#039;immagine, un marchio registrato o un logo.<\/p>\n<p><b>la raccolta dei dati<\/b><\/p>\n<p>Viene registrato l&#039;utilizzo delle nostre offerte online. La registrazione viene utilizzata per raccogliere statistiche e personalizzare le nostre offerte in base alle esigenze dei clienti. A volte collaboriamo con aziende che elaborano dati al di fuori della Svizzera. Tuttavia, le informazioni registrate non contengono alcuna informazione che consenta di trarre conclusioni su persone identificabili. Sono riservati solo casi di abuso grave, in cui le autorit\u00e0 richiedono agli operatori di data center di assegnare un indirizzo IP alla rispettiva persona. La selezione di queste societ\u00e0 e le misure tecniche e organizzative, tuttavia, tengono pienamente conto della legislazione svizzera sulla protezione dei dati<\/p>\t\t\t\t\t\t\t\t<\/div>\n\t\t\t\t<\/div>\n\t\t\t\t\t<\/div>\n\t\t<\/div>\n\t\t\t\t<div class=\"elementor-column elementor-col-50 elementor-top-column elementor-element elementor-element-94bfb84\" data-id=\"94bfb84\" data-element_type=\"column\" data-e-type=\"column\">\n\t\t\t<div class=\"elementor-widget-wrap elementor-element-populated\">\n\t\t\t\t\t\t<div class=\"elementor-element elementor-element-9b6ef7b elementor-widget elementor-widget-text-editor\" data-id=\"9b6ef7b\" data-element_type=\"widget\" data-e-type=\"widget\" data-widget_type=\"text-editor.default\">\n\t\t\t\t<div class=\"elementor-widget-container\">\n\t\t\t\t\t\t\t\t\t<p><b>Nessuna offerta<\/b><br \/><span style=\"font-size: 16px;\"><br \/>Le informazioni e le dichiarazioni pubblicate sul sito Web non costituiscono una richiesta, un&#039;offerta o una raccomandazione per l&#039;acquisto o la vendita di servizi o per condurre altre transazioni. Le informazioni sul sito web nel suo insieme sono descrittive.<\/span><\/p><p><b>Nessuna garanzia<\/b><br \/><span style=\"font-size: 16px;\"><br \/>Anche se quello\u00a0<\/span><span style=\"font-size: 16px; font-style: normal; font-weight: 400;\">Hotel Allegra<\/span><span style=\"font-size: 16px;\">\u00a0\u00c8 stato fatto ogni sforzo per garantire che le informazioni sul sito Web siano accurate al momento della pubblicazione, n\u00e9 voi n\u00e9 i vostri partner contrattuali rilasciate dichiarazioni o date garanzie in merito alla loro correttezza, affidabilit\u00e0 o completezza. Le informazioni e le opinioni distribuite sul sito Web possono essere modificate in qualsiasi momento e senza preavviso.<\/span><\/p><p><b>Nessuna garanzia<\/b><br \/><span style=\"font-size: 16px;\"><br \/>Non viene fornita alcuna garanzia per la correttezza delle informazioni e delle opinioni distribuite sul sito Web, n\u00e9 espressamente n\u00e9 implicitamente. il\u00a0<\/span><span style=\"font-size: 16px; font-style: normal; font-weight: 400;\">Hotel Allegra<\/span><span style=\"font-size: 16px;\">\u00a0non si assume alcuna responsabilit\u00e0 e non garantisce che le funzioni sul sito Web non saranno interrotte o prive di errori, che gli errori verranno corretti o che il sito Web e il rispettivo server siano privi di virus o componenti dannosi.<\/span><\/p><p><b>disconoscimento<\/b><br \/><span style=\"font-size: 16px;\"><br \/>Qualsiasi responsabilit\u00e0 del\u00a0<\/span><span style=\"font-size: 16px; font-style: normal; font-weight: 400;\">Hotel Allegra<\/span><span style=\"font-size: 16px;\">\u00a0(inclusa la negligenza) per danni o danni consequenziali derivanti dall&#039;accesso agli elementi del sito Web o dal suo utilizzo (o dall&#039;impossibilit\u00e0 di accesso o utilizzo) \u00e8 escluso.<\/span><\/p><p><b>Collegamenti ad altri siti Web<\/b><br \/><span style=\"font-size: 16px;\"><br \/>il\u00a0<\/span><span style=\"font-size: 16px; font-style: normal; font-weight: 400;\">Hotel Allegra<\/span><span style=\"font-size: 16px;\">\u00a0non ha controllato i siti Web collegati al sito Web e non si assume alcuna responsabilit\u00e0 per il loro contenuto, i prodotti, i servizi o altre offerte offerti su di essi.<\/span><\/p>\t\t\t\t\t\t\t\t<\/div>\n\t\t\t\t<\/div>\n\t\t\t\t\t<\/div>\n\t\t<\/div>\n\t\t\t\t\t<\/div>\n\t\t<\/section>\n\t\t\t\t<\/div>","protected":false},"excerpt":{"rendered":"<p>Datenschutzerkl\u00e4rung Wichtige Hinweise Personen, die Informationen auf der Website von Hotel Allegra abrufen, erkl\u00e4ren sich mit den nachstehenden Bedingungen einverstanden und verpflichten sich, die Netiquette zu befolgen: Benutzung der Website und Copyright Der gesamte Inhalt der Website ist urheberrechtlich gesch\u00fctzt (alle Rechte vorbehalten). Das Herunterladen oder Ausdrucken einzelner Seiten und Teilbereiche der \u00adWebsite ist gestattet, [&hellip;]<\/p>\n","protected":false},"author":3,"featured_media":0,"parent":0,"menu_order":0,"comment_status":"closed","ping_status":"closed","template":"","meta":{"site-sidebar-layout":"no-sidebar","site-content-layout":"page-builder","ast-site-content-layout":"default","site-content-style":"default","site-sidebar-style":"default","ast-global-header-display":"","ast-banner-title-visibility":"","ast-main-header-display":"","ast-hfb-above-header-display":"","ast-hfb-below-header-display":"","ast-hfb-mobile-header-display":"","site-post-title":"disabled","ast-breadcrumbs-content":"","ast-featured-img":"disabled","footer-sml-layout":"","ast-disable-related-posts":"","theme-transparent-header-meta":"default","adv-header-id-meta":"","stick-header-meta":"default","header-above-stick-meta":"","header-main-stick-meta":"","header-below-stick-meta":"","astra-migrate-meta-layouts":"default","ast-page-background-enabled":"default","ast-page-background-meta":{"desktop":{"background-color":"","background-image":"","background-repeat":"repeat","background-position":"center center","background-size":"auto","background-attachment":"scroll","background-type":"","background-media":"","overlay-type":"","overlay-color":"","overlay-opacity":"","overlay-gradient":""},"tablet":{"background-color":"","background-image":"","background-repeat":"repeat","background-position":"center center","background-size":"auto","background-attachment":"scroll","background-type":"","background-media":"","overlay-type":"","overlay-color":"","overlay-opacity":"","overlay-gradient":""},"mobile":{"background-color":"","background-image":"","background-repeat":"repeat","background-position":"center center","background-size":"auto","background-attachment":"scroll","background-type":"","background-media":"","overlay-type":"","overlay-color":"","overlay-opacity":"","overlay-gradient":""}},"ast-content-background-meta":{"desktop":{"background-color":"var(--ast-global-color-5)","background-image":"","background-repeat":"repeat","background-position":"center center","background-size":"auto","background-attachment":"scroll","background-type":"","background-media":"","overlay-type":"","overlay-color":"","overlay-opacity":"","overlay-gradient":""},"tablet":{"background-color":"var(--ast-global-color-5)","background-image":"","background-repeat":"repeat","background-position":"center center","background-size":"auto","background-attachment":"scroll","background-type":"","background-media":"","overlay-type":"","overlay-color":"","overlay-opacity":"","overlay-gradient":""},"mobile":{"background-color":"var(--ast-global-color-5)","background-image":"","background-repeat":"repeat","background-position":"center center","background-size":"auto","background-attachment":"scroll","background-type":"","background-media":"","overlay-type":"","overlay-color":"","overlay-opacity":"","overlay-gradient":""}},"footnotes":""},"categories":[],"tags":[],"class_list":["post-1197","page","type-page","status-publish","hentry"],"yoast_head":"<!-- This site is optimized with the Yoast SEO plugin v27.4 - https:\/\/yoast.com\/product\/yoast-seo-wordpress\/ -->\n<title>Datenschutzerkl\u00e4rung - Allegra Hotel Pontresina<\/title>\n<meta name=\"robots\" content=\"index, follow, max-snippet:-1, max-image-preview:large, max-video-preview:-1\" \/>\n<link rel=\"canonical\" href=\"https:\/\/www.allegrahotel.ch\/it\/erklaerung-la-protezione-dei-dati\/\" \/>\n<meta property=\"og:locale\" content=\"it_IT\" \/>\n<meta property=\"og:type\" content=\"article\" \/>\n<meta property=\"og:title\" content=\"Datenschutzerkl\u00e4rung - Allegra Hotel Pontresina\" \/>\n<meta property=\"og:description\" content=\"Datenschutzerkl\u00e4rung Wichtige Hinweise Personen, die Informationen auf der Website von Hotel Allegra abrufen, erkl\u00e4ren sich mit den nachstehenden Bedingungen einverstanden und verpflichten sich, die Netiquette zu befolgen: Benutzung der Website und Copyright Der gesamte Inhalt der Website ist urheberrechtlich gesch\u00fctzt (alle Rechte vorbehalten). Das Herunterladen oder Ausdrucken einzelner Seiten und Teilbereiche der \u00adWebsite ist gestattet, [&hellip;]\" \/>\n<meta property=\"og:url\" content=\"https:\/\/www.allegrahotel.ch\/it\/erklaerung-la-protezione-dei-dati\/\" \/>\n<meta property=\"og:site_name\" content=\"Allegra Hotel Pontresina\" \/>\n<meta property=\"article:modified_time\" content=\"2020-01-29T08:52:59+00:00\" \/>\n<meta name=\"twitter:card\" content=\"summary_large_image\" \/>\n<meta name=\"twitter:label1\" content=\"Tempo di lettura stimato\" \/>\n\t<meta name=\"twitter:data1\" content=\"2 minuti\" \/>\n<script type=\"application\/ld+json\" class=\"yoast-schema-graph\">{\"@context\":\"https:\\\/\\\/schema.org\",\"@graph\":[{\"@type\":\"WebPage\",\"@id\":\"https:\\\/\\\/www.allegrahotel.ch\\\/it\\\/erklaerung-la-protezione-dei-dati\\\/\",\"url\":\"https:\\\/\\\/www.allegrahotel.ch\\\/it\\\/erklaerung-la-protezione-dei-dati\\\/\",\"name\":\"Datenschutzerkl\u00e4rung - Allegra Hotel Pontresina\",\"isPartOf\":{\"@id\":\"https:\\\/\\\/www.allegrahotel.ch\\\/#website\"},\"datePublished\":\"2019-11-18T14:08:27+00:00\",\"dateModified\":\"2020-01-29T08:52:59+00:00\",\"breadcrumb\":{\"@id\":\"https:\\\/\\\/www.allegrahotel.ch\\\/it\\\/erklaerung-la-protezione-dei-dati\\\/#breadcrumb\"},\"inLanguage\":\"it-IT\",\"potentialAction\":[{\"@type\":\"ReadAction\",\"target\":[\"https:\\\/\\\/www.allegrahotel.ch\\\/it\\\/erklaerung-la-protezione-dei-dati\\\/\"]}]},{\"@type\":\"BreadcrumbList\",\"@id\":\"https:\\\/\\\/www.allegrahotel.ch\\\/it\\\/erklaerung-la-protezione-dei-dati\\\/#breadcrumb\",\"itemListElement\":[{\"@type\":\"ListItem\",\"position\":1,\"name\":\"Home\",\"item\":\"https:\\\/\\\/www.allegrahotel.ch\\\/\"},{\"@type\":\"ListItem\",\"position\":2,\"name\":\"Datenschutzerkl\u00e4rung\"}]},{\"@type\":\"WebSite\",\"@id\":\"https:\\\/\\\/www.allegrahotel.ch\\\/#website\",\"url\":\"https:\\\/\\\/www.allegrahotel.ch\\\/\",\"name\":\"Allegra Hotel Pontresina\",\"description\":\"Unser ALLEGRA bietet Ihnen auf 4 Etagen eine Auswahl an 54 Zimmern\",\"publisher\":{\"@id\":\"https:\\\/\\\/www.allegrahotel.ch\\\/#organization\"},\"potentialAction\":[{\"@type\":\"SearchAction\",\"target\":{\"@type\":\"EntryPoint\",\"urlTemplate\":\"https:\\\/\\\/www.allegrahotel.ch\\\/?s={search_term_string}\"},\"query-input\":{\"@type\":\"PropertyValueSpecification\",\"valueRequired\":true,\"valueName\":\"search_term_string\"}}],\"inLanguage\":\"it-IT\"},{\"@type\":\"Organization\",\"@id\":\"https:\\\/\\\/www.allegrahotel.ch\\\/#organization\",\"name\":\"Allegra Hotel Pontresina\",\"url\":\"https:\\\/\\\/www.allegrahotel.ch\\\/\",\"logo\":{\"@type\":\"ImageObject\",\"inLanguage\":\"it-IT\",\"@id\":\"https:\\\/\\\/www.allegrahotel.ch\\\/#\\\/schema\\\/logo\\\/image\\\/\",\"url\":\"https:\\\/\\\/www.allegrahotel.ch\\\/wp-content\\\/uploads\\\/2019\\\/11\\\/cropped-allegra_logo.png\",\"contentUrl\":\"https:\\\/\\\/www.allegrahotel.ch\\\/wp-content\\\/uploads\\\/2019\\\/11\\\/cropped-allegra_logo.png\",\"width\":417,\"height\":152,\"caption\":\"Allegra Hotel Pontresina\"},\"image\":{\"@id\":\"https:\\\/\\\/www.allegrahotel.ch\\\/#\\\/schema\\\/logo\\\/image\\\/\"}}]}<\/script>\n<!-- \/ Yoast SEO plugin. -->","yoast_head_json":{"title":"Informativa sulla privacy - Allegra Hotel Pontresina","robots":{"index":"index","follow":"follow","max-snippet":"max-snippet:-1","max-image-preview":"max-image-preview:large","max-video-preview":"max-video-preview:-1"},"canonical":"https:\/\/www.allegrahotel.ch\/it\/erklaerung-la-protezione-dei-dati\/","og_locale":"it_IT","og_type":"article","og_title":"Datenschutzerkl\u00e4rung - Allegra Hotel Pontresina","og_description":"Datenschutzerkl\u00e4rung Wichtige Hinweise Personen, die Informationen auf der Website von Hotel Allegra abrufen, erkl\u00e4ren sich mit den nachstehenden Bedingungen einverstanden und verpflichten sich, die Netiquette zu befolgen: Benutzung der Website und Copyright Der gesamte Inhalt der Website ist urheberrechtlich gesch\u00fctzt (alle Rechte vorbehalten). Das Herunterladen oder Ausdrucken einzelner Seiten und Teilbereiche der \u00adWebsite ist gestattet, [&hellip;]","og_url":"https:\/\/www.allegrahotel.ch\/it\/erklaerung-la-protezione-dei-dati\/","og_site_name":"Allegra Hotel Pontresina","article_modified_time":"2020-01-29T08:52:59+00:00","twitter_card":"summary_large_image","twitter_misc":{"Tempo di lettura stimato":"2 minuti"},"schema":{"@context":"https:\/\/schema.org","@graph":[{"@type":"WebPage","@id":"https:\/\/www.allegrahotel.ch\/it\/erklaerung-la-protezione-dei-dati\/","url":"https:\/\/www.allegrahotel.ch\/it\/erklaerung-la-protezione-dei-dati\/","name":"Informativa sulla privacy - Allegra Hotel Pontresina","isPartOf":{"@id":"https:\/\/www.allegrahotel.ch\/#website"},"datePublished":"2019-11-18T14:08:27+00:00","dateModified":"2020-01-29T08:52:59+00:00","breadcrumb":{"@id":"https:\/\/www.allegrahotel.ch\/it\/erklaerung-la-protezione-dei-dati\/#breadcrumb"},"inLanguage":"it-IT","potentialAction":[{"@type":"ReadAction","target":["https:\/\/www.allegrahotel.ch\/it\/erklaerung-la-protezione-dei-dati\/"]}]},{"@type":"BreadcrumbList","@id":"https:\/\/www.allegrahotel.ch\/it\/erklaerung-la-protezione-dei-dati\/#breadcrumb","itemListElement":[{"@type":"ListItem","position":1,"name":"Home","item":"https:\/\/www.allegrahotel.ch\/"},{"@type":"ListItem","position":2,"name":"Datenschutzerkl\u00e4rung"}]},{"@type":"WebSite","@id":"https:\/\/www.allegrahotel.ch\/#website","url":"https:\/\/www.allegrahotel.ch\/","name":"Allegra Hotel Pontresina","description":"Il nostro ALLEGRA ti offre una scelta di 54 camere su 4 piani","publisher":{"@id":"https:\/\/www.allegrahotel.ch\/#organization"},"potentialAction":[{"@type":"SearchAction","target":{"@type":"EntryPoint","urlTemplate":"https:\/\/www.allegrahotel.ch\/?s={search_term_string}"},"query-input":{"@type":"PropertyValueSpecification","valueRequired":true,"valueName":"search_term_string"}}],"inLanguage":"it-IT"},{"@type":"Organization","@id":"https:\/\/www.allegrahotel.ch\/#organization","name":"Allegra Hotel Pontresina","url":"https:\/\/www.allegrahotel.ch\/","logo":{"@type":"ImageObject","inLanguage":"it-IT","@id":"https:\/\/www.allegrahotel.ch\/#\/schema\/logo\/image\/","url":"https:\/\/www.allegrahotel.ch\/wp-content\/uploads\/2019\/11\/cropped-allegra_logo.png","contentUrl":"https:\/\/www.allegrahotel.ch\/wp-content\/uploads\/2019\/11\/cropped-allegra_logo.png","width":417,"height":152,"caption":"Allegra Hotel Pontresina"},"image":{"@id":"https:\/\/www.allegrahotel.ch\/#\/schema\/logo\/image\/"}}]}},"_links":{"self":[{"href":"https:\/\/www.allegrahotel.ch\/it\/wp-json\/wp\/v2\/pages\/1197","targetHints":{"allow":["GET"]}}],"collection":[{"href":"https:\/\/www.allegrahotel.ch\/it\/wp-json\/wp\/v2\/pages"}],"about":[{"href":"https:\/\/www.allegrahotel.ch\/it\/wp-json\/wp\/v2\/types\/page"}],"author":[{"embeddable":true,"href":"https:\/\/www.allegrahotel.ch\/it\/wp-json\/wp\/v2\/users\/3"}],"replies":[{"embeddable":true,"href":"https:\/\/www.allegrahotel.ch\/it\/wp-json\/wp\/v2\/comments?post=1197"}],"version-history":[{"count":0,"href":"https:\/\/www.allegrahotel.ch\/it\/wp-json\/wp\/v2\/pages\/1197\/revisions"}],"wp:attachment":[{"href":"https:\/\/www.allegrahotel.ch\/it\/wp-json\/wp\/v2\/media?parent=1197"}],"wp:term":[{"taxonomy":"category","embeddable":true,"href":"https:\/\/www.allegrahotel.ch\/it\/wp-json\/wp\/v2\/categories?post=1197"},{"taxonomy":"post_tag","embeddable":true,"href":"https:\/\/www.allegrahotel.ch\/it\/wp-json\/wp\/v2\/tags?post=1197"}],"curies":[{"name":"wp","href":"https:\/\/api.w.org\/{rel}","templated":true}]}}