{"id":1771,"date":"2019-11-26T14:15:16","date_gmt":"2019-11-26T13:15:16","guid":{"rendered":"https:\/\/www.allegrahotel.ch\/?page_id=1771"},"modified":"2022-10-10T17:03:03","modified_gmt":"2022-10-10T15:03:03","slug":"jobs","status":"publish","type":"page","link":"https:\/\/www.allegrahotel.ch\/en\/jobs\/","title":{"rendered":"Jobs"},"content":{"rendered":"<div data-elementor-type=\"wp-page\" data-elementor-id=\"1771\" class=\"elementor elementor-1771\" data-elementor-post-type=\"page\">\n\t\t\t\t\t\t<section class=\"elementor-section elementor-top-section elementor-element elementor-element-1992b9c elementor-section-content-middle elementor-section-height-min-height elementor-section-boxed elementor-section-height-default elementor-section-items-middle\" data-id=\"1992b9c\" data-element_type=\"section\" data-e-type=\"section\" data-settings=\"{&quot;background_background&quot;:&quot;classic&quot;}\">\n\t\t\t\t\t\t\t<div class=\"elementor-background-overlay\"><\/div>\n\t\t\t\t\t\t\t<div class=\"elementor-container elementor-column-gap-default\">\n\t\t\t\t\t<div class=\"elementor-column elementor-col-100 elementor-top-column elementor-element elementor-element-8ee0a0f\" data-id=\"8ee0a0f\" data-element_type=\"column\" data-e-type=\"column\">\n\t\t\t<div class=\"elementor-widget-wrap\">\n\t\t\t\t\t\t\t<\/div>\n\t\t<\/div>\n\t\t\t\t\t<\/div>\n\t\t<\/section>\n\t\t\t\t<section class=\"elementor-section elementor-top-section elementor-element elementor-element-b27589e elementor-section-boxed elementor-section-height-default elementor-section-height-default\" data-id=\"b27589e\" data-element_type=\"section\" data-e-type=\"section\">\n\t\t\t\t\t\t<div class=\"elementor-container elementor-column-gap-no\">\n\t\t\t\t\t<div class=\"elementor-column elementor-col-100 elementor-top-column elementor-element elementor-element-ca19ae4\" data-id=\"ca19ae4\" data-element_type=\"column\" data-e-type=\"column\">\n\t\t\t<div class=\"elementor-widget-wrap elementor-element-populated\">\n\t\t\t\t\t\t<div class=\"elementor-element elementor-element-9b6959c elementor-widget elementor-widget-shortcode\" data-id=\"9b6959c\" data-element_type=\"widget\" data-e-type=\"widget\" data-widget_type=\"shortcode.default\">\n\t\t\t\t<div class=\"elementor-widget-container\">\n\t\t\t\t\t\t\t<div class=\"elementor-shortcode\">\t\t<div data-elementor-type=\"section\" data-elementor-id=\"297\" class=\"elementor elementor-297\" data-elementor-post-type=\"elementor_library\">\n\t\t\t\t\t<section class=\"elementor-section elementor-top-section elementor-element elementor-element-353be79 elementor-section-boxed elementor-section-height-default elementor-section-height-default\" data-id=\"353be79\" data-element_type=\"section\" data-e-type=\"section\">\n\t\t\t\t\t\t<div class=\"elementor-container elementor-column-gap-default\">\n\t\t\t\t\t<div class=\"elementor-column elementor-col-100 elementor-top-column elementor-element elementor-element-43ab5e1\" data-id=\"43ab5e1\" data-element_type=\"column\" data-e-type=\"column\">\n\t\t\t<div class=\"elementor-widget-wrap elementor-element-populated\">\n\t\t\t\t\t\t<div class=\"elementor-element elementor-element-b427a98 elementor-widget elementor-widget-breadcrumbs\" data-id=\"b427a98\" data-element_type=\"widget\" data-e-type=\"widget\" data-widget_type=\"breadcrumbs.default\">\n\t\t\t\t<div class=\"elementor-widget-container\">\n\t\t\t\t\t<p id=\"breadcrumbs\">\tAllegra\n<span><span><a href=\"https:\/\/www.allegrahotel.ch\/en\/\">Home<\/a><\/span><\/span><\/p>\t\t\t\t<\/div>\n\t\t\t\t<\/div>\n\t\t\t\t\t<\/div>\n\t\t<\/div>\n\t\t\t\t\t<\/div>\n\t\t<\/section>\n\t\t\t\t<\/div>\n\t\t<\/div>\n\t\t\t\t\t\t<\/div>\n\t\t\t\t<\/div>\n\t\t\t\t\t<\/div>\n\t\t<\/div>\n\t\t\t\t\t<\/div>\n\t\t<\/section>\n\t\t\t\t<section class=\"elementor-section elementor-top-section elementor-element elementor-element-884eb43 elementor-section-boxed elementor-section-height-default elementor-section-height-default\" data-id=\"884eb43\" data-element_type=\"section\" data-e-type=\"section\" data-settings=\"{&quot;background_background&quot;:&quot;classic&quot;}\">\n\t\t\t\t\t\t<div class=\"elementor-container elementor-column-gap-no\">\n\t\t\t\t\t<div class=\"elementor-column elementor-col-50 elementor-top-column elementor-element elementor-element-d22f510 elementor-hidden-phone\" data-id=\"d22f510\" data-element_type=\"column\" data-e-type=\"column\" data-settings=\"{&quot;background_background&quot;:&quot;classic&quot;}\">\n\t\t\t<div class=\"elementor-widget-wrap\">\n\t\t\t\t\t\t\t<\/div>\n\t\t<\/div>\n\t\t\t\t<div class=\"elementor-column elementor-col-50 elementor-top-column elementor-element elementor-element-38c7c6c\" data-id=\"38c7c6c\" data-element_type=\"column\" data-e-type=\"column\" data-settings=\"{&quot;background_background&quot;:&quot;classic&quot;}\">\n\t\t\t<div class=\"elementor-widget-wrap elementor-element-populated\">\n\t\t\t\t\t<div class=\"elementor-background-overlay\"><\/div>\n\t\t\t\t\t\t<section class=\"elementor-section elementor-inner-section elementor-element elementor-element-35f7bdb elementor-section-height-min-height elementor-section-boxed elementor-section-height-default\" data-id=\"35f7bdb\" data-element_type=\"section\" data-e-type=\"section\" data-settings=\"{&quot;background_background&quot;:&quot;classic&quot;}\">\n\t\t\t\t\t\t<div class=\"elementor-container elementor-column-gap-default\">\n\t\t\t\t\t<div class=\"elementor-column elementor-col-100 elementor-inner-column elementor-element elementor-element-189d202\" data-id=\"189d202\" data-element_type=\"column\" data-e-type=\"column\" data-settings=\"{&quot;background_background&quot;:&quot;classic&quot;}\">\n\t\t\t<div class=\"elementor-widget-wrap elementor-element-populated\">\n\t\t\t\t\t\t<div class=\"elementor-element elementor-element-19cd646 elementor-widget elementor-widget-heading\" data-id=\"19cd646\" data-element_type=\"widget\" data-e-type=\"widget\" data-widget_type=\"heading.default\">\n\t\t\t\t<div class=\"elementor-widget-container\">\n\t\t\t\t\t<h1 class=\"elementor-heading-title elementor-size-default\">Jobs<\/h1>\t\t\t\t<\/div>\n\t\t\t\t<\/div>\n\t\t\t\t<div class=\"elementor-element elementor-element-6e9f94a elementor-widget elementor-widget-heading\" data-id=\"6e9f94a\" data-element_type=\"widget\" data-e-type=\"widget\" data-widget_type=\"heading.default\">\n\t\t\t\t<div class=\"elementor-widget-container\">\n\t\t\t\t\t<h4 class=\"elementor-heading-title elementor-size-default\">Thank you for your interest in joining the ALLEGRA-TEAM.<\/h4>\t\t\t\t<\/div>\n\t\t\t\t<\/div>\n\t\t\t\t<div class=\"elementor-element elementor-element-fc7ee1f elementor-widget elementor-widget-text-editor\" data-id=\"fc7ee1f\" data-element_type=\"widget\" data-e-type=\"widget\" data-widget_type=\"text-editor.default\">\n\t\t\t\t<div class=\"elementor-widget-container\">\n\t\t\t\t\t\t\t\t\t<p><span style=\"font-size: 16px;\">We would be happy to count you among our team and to work successfully with you. If you have a high level of service, like to live hospitality and want to meet our guests with joy and a smile, then you could soon be one of us!<br \/>Do you feel addressed?<\/span><\/p><p><b><br \/>Currently vacant positions<\/b><\/p>\t\t\t\t\t\t\t\t<\/div>\n\t\t\t\t<\/div>\n\t\t\t\t<div class=\"elementor-element elementor-element-74c50d4 elementor-widget elementor-widget-heading\" data-id=\"74c50d4\" data-element_type=\"widget\" data-e-type=\"widget\" data-widget_type=\"heading.default\">\n\t\t\t\t<div class=\"elementor-widget-container\">\n\t\t\t\t\t<h4 class=\"elementor-heading-title elementor-size-default\">Receptionist\/in<br>\n\nEmployee\/in hotel bar<br>\n\nEmployees\/in breakfast service &amp; kitchen<br>\n\nin part - \/ or full time<\/h4>\t\t\t\t<\/div>\n\t\t\t\t<\/div>\n\t\t\t\t<div class=\"elementor-element elementor-element-31053c5 elementor-widget elementor-widget-text-editor\" data-id=\"31053c5\" data-element_type=\"widget\" data-e-type=\"widget\" data-widget_type=\"text-editor.default\">\n\t\t\t\t<div class=\"elementor-widget-container\">\n\t\t\t\t\t\t\t\t\t<p>If you have completed your training or have several years of professional experience in this area, would like to work independently and professionally in a small team and would like to look after our guests attentively and warmly with your set-up and communicative manner, then get in touch with \u2026<\/p><p>Complete applications via email to:<\/p><p><span style=\"font-size: 16px;\">Hotel ALLEGRA<br \/><\/span><span style=\"font-size: 16px;\">Regina Amberger \u2013 direction<\/span><\/p><p>Via Maistra 171<br \/><span style=\"font-size: 16px;\">7504 Pontresina<br \/>Switzerland<\/span><\/p><p><span style=\"font-size: 16px;\">Tel. <a href=\"tel: +41818389900\">+41 81 838 99 00<\/a><br \/><\/span><span style=\"font-size: 16px;\">Email: <\/span><a style=\"font-size: 16px; background-color: #ffffff;\" href=\"mailto:regina.amberger@allegrahotel.ch\">regina.amberger@allegrahotel.ch<\/a><\/p>\t\t\t\t\t\t\t\t<\/div>\n\t\t\t\t<\/div>\n\t\t\t\t\t<\/div>\n\t\t<\/div>\n\t\t\t\t\t<\/div>\n\t\t<\/section>\n\t\t\t\t\t<\/div>\n\t\t<\/div>\n\t\t\t\t\t<\/div>\n\t\t<\/section>\n\t\t\t\t<\/div>","protected":false},"excerpt":{"rendered":"<p>Jobs Sch\u00f6n, dass Sie sich f\u00fcr eine Mitarbeit im ALLEGRA-TEAM interessieren. Wir w\u00fcrden uns freuen, Sie zu unserem Team z\u00e4hlen zu d\u00fcrfen und mit Ihnen gemeinsam erfolgreich zu arbeiten. Wenn Sie \u00fcber eine hohe Dienstleistungsbereitschaft verf\u00fcgen, gerne Gastfreundschaft leben und mit Freude und einem Lachen unseren G\u00e4ste begegnen m\u00f6chten, dann k\u00f6nnten Sie schon bald zu [&hellip;]<\/p>\n","protected":false},"author":3,"featured_media":2031,"parent":0,"menu_order":0,"comment_status":"closed","ping_status":"closed","template":"","meta":{"site-sidebar-layout":"no-sidebar","site-content-layout":"page-builder","ast-site-content-layout":"default","site-content-style":"default","site-sidebar-style":"default","ast-global-header-display":"","ast-banner-title-visibility":"","ast-main-header-display":"","ast-hfb-above-header-display":"","ast-hfb-below-header-display":"","ast-hfb-mobile-header-display":"","site-post-title":"disabled","ast-breadcrumbs-content":"","ast-featured-img":"disabled","footer-sml-layout":"","ast-disable-related-posts":"","theme-transparent-header-meta":"default","adv-header-id-meta":"","stick-header-meta":"default","header-above-stick-meta":"","header-main-stick-meta":"","header-below-stick-meta":"","astra-migrate-meta-layouts":"default","ast-page-background-enabled":"default","ast-page-background-meta":{"desktop":{"background-color":"","background-image":"","background-repeat":"repeat","background-position":"center center","background-size":"auto","background-attachment":"scroll","background-type":"","background-media":"","overlay-type":"","overlay-color":"","overlay-opacity":"","overlay-gradient":""},"tablet":{"background-color":"","background-image":"","background-repeat":"repeat","background-position":"center center","background-size":"auto","background-attachment":"scroll","background-type":"","background-media":"","overlay-type":"","overlay-color":"","overlay-opacity":"","overlay-gradient":""},"mobile":{"background-color":"","background-image":"","background-repeat":"repeat","background-position":"center center","background-size":"auto","background-attachment":"scroll","background-type":"","background-media":"","overlay-type":"","overlay-color":"","overlay-opacity":"","overlay-gradient":""}},"ast-content-background-meta":{"desktop":{"background-color":"var(--ast-global-color-5)","background-image":"","background-repeat":"repeat","background-position":"center center","background-size":"auto","background-attachment":"scroll","background-type":"","background-media":"","overlay-type":"","overlay-color":"","overlay-opacity":"","overlay-gradient":""},"tablet":{"background-color":"var(--ast-global-color-5)","background-image":"","background-repeat":"repeat","background-position":"center center","background-size":"auto","background-attachment":"scroll","background-type":"","background-media":"","overlay-type":"","overlay-color":"","overlay-opacity":"","overlay-gradient":""},"mobile":{"background-color":"var(--ast-global-color-5)","background-image":"","background-repeat":"repeat","background-position":"center center","background-size":"auto","background-attachment":"scroll","background-type":"","background-media":"","overlay-type":"","overlay-color":"","overlay-opacity":"","overlay-gradient":""}},"footnotes":""},"categories":[18],"tags":[],"class_list":["post-1771","page","type-page","status-publish","has-post-thumbnail","hentry","category-hotel"],"yoast_head":"<!-- This site is optimized with the Yoast SEO plugin v27.4 - https:\/\/yoast.com\/product\/yoast-seo-wordpress\/ -->\n<title>Jobs - Allegra Hotel Pontresina<\/title>\n<meta name=\"robots\" content=\"index, follow, max-snippet:-1, max-image-preview:large, max-video-preview:-1\" \/>\n<link rel=\"canonical\" href=\"https:\/\/www.allegrahotel.ch\/en\/jobs\/\" \/>\n<meta property=\"og:locale\" content=\"en_GB\" \/>\n<meta property=\"og:type\" content=\"article\" \/>\n<meta property=\"og:title\" content=\"Jobs - Allegra Hotel Pontresina\" \/>\n<meta property=\"og:description\" content=\"Jobs Sch\u00f6n, dass Sie sich f\u00fcr eine Mitarbeit im ALLEGRA-TEAM interessieren. Wir w\u00fcrden uns freuen, Sie zu unserem Team z\u00e4hlen zu d\u00fcrfen und mit Ihnen gemeinsam erfolgreich zu arbeiten. Wenn Sie \u00fcber eine hohe Dienstleistungsbereitschaft verf\u00fcgen, gerne Gastfreundschaft leben und mit Freude und einem Lachen unseren G\u00e4ste begegnen m\u00f6chten, dann k\u00f6nnten Sie schon bald zu [&hellip;]\" \/>\n<meta property=\"og:url\" content=\"https:\/\/www.allegrahotel.ch\/en\/jobs\/\" \/>\n<meta property=\"og:site_name\" content=\"Allegra Hotel Pontresina\" \/>\n<meta property=\"article:modified_time\" content=\"2022-10-10T15:03:03+00:00\" \/>\n<meta property=\"og:image\" content=\"https:\/\/www.allegrahotel.ch\/wp-content\/uploads\/2019\/11\/handshake-scaled.jpg\" \/>\n\t<meta property=\"og:image:width\" content=\"2560\" \/>\n\t<meta property=\"og:image:height\" content=\"1704\" \/>\n\t<meta property=\"og:image:type\" content=\"image\/jpeg\" \/>\n<meta name=\"twitter:card\" content=\"summary_large_image\" \/>\n<meta name=\"twitter:label1\" content=\"Estimated reading time\" \/>\n\t<meta name=\"twitter:data1\" content=\"1 minute\" \/>\n<script type=\"application\/ld+json\" class=\"yoast-schema-graph\">{\"@context\":\"https:\\\/\\\/schema.org\",\"@graph\":[{\"@type\":\"WebPage\",\"@id\":\"https:\\\/\\\/www.allegrahotel.ch\\\/jobs\\\/\",\"url\":\"https:\\\/\\\/www.allegrahotel.ch\\\/jobs\\\/\",\"name\":\"Jobs - Allegra Hotel Pontresina\",\"isPartOf\":{\"@id\":\"https:\\\/\\\/www.allegrahotel.ch\\\/#website\"},\"primaryImageOfPage\":{\"@id\":\"https:\\\/\\\/www.allegrahotel.ch\\\/jobs\\\/#primaryimage\"},\"image\":{\"@id\":\"https:\\\/\\\/www.allegrahotel.ch\\\/jobs\\\/#primaryimage\"},\"thumbnailUrl\":\"https:\\\/\\\/www.allegrahotel.ch\\\/wp-content\\\/uploads\\\/2019\\\/11\\\/handshake-scaled.jpg\",\"datePublished\":\"2019-11-26T13:15:16+00:00\",\"dateModified\":\"2022-10-10T15:03:03+00:00\",\"breadcrumb\":{\"@id\":\"https:\\\/\\\/www.allegrahotel.ch\\\/jobs\\\/#breadcrumb\"},\"inLanguage\":\"en-GB\",\"potentialAction\":[{\"@type\":\"ReadAction\",\"target\":[\"https:\\\/\\\/www.allegrahotel.ch\\\/jobs\\\/\"]}]},{\"@type\":\"ImageObject\",\"inLanguage\":\"en-GB\",\"@id\":\"https:\\\/\\\/www.allegrahotel.ch\\\/jobs\\\/#primaryimage\",\"url\":\"https:\\\/\\\/www.allegrahotel.ch\\\/wp-content\\\/uploads\\\/2019\\\/11\\\/handshake-scaled.jpg\",\"contentUrl\":\"https:\\\/\\\/www.allegrahotel.ch\\\/wp-content\\\/uploads\\\/2019\\\/11\\\/handshake-scaled.jpg\",\"width\":2560,\"height\":1704},{\"@type\":\"BreadcrumbList\",\"@id\":\"https:\\\/\\\/www.allegrahotel.ch\\\/jobs\\\/#breadcrumb\",\"itemListElement\":[{\"@type\":\"ListItem\",\"position\":1,\"name\":\"Home\",\"item\":\"https:\\\/\\\/www.allegrahotel.ch\\\/\"},{\"@type\":\"ListItem\",\"position\":2,\"name\":\"Hotel\",\"item\":\"https:\\\/\\\/www.allegrahotel.ch\\\/it\\\/c\\\/hotel\\\/\"},{\"@type\":\"ListItem\",\"position\":3,\"name\":\"Jobs\"}]},{\"@type\":\"WebSite\",\"@id\":\"https:\\\/\\\/www.allegrahotel.ch\\\/#website\",\"url\":\"https:\\\/\\\/www.allegrahotel.ch\\\/\",\"name\":\"Allegra Hotel Pontresina\",\"description\":\"Unser ALLEGRA bietet Ihnen auf 4 Etagen eine Auswahl an 54 Zimmern\",\"publisher\":{\"@id\":\"https:\\\/\\\/www.allegrahotel.ch\\\/#organization\"},\"potentialAction\":[{\"@type\":\"SearchAction\",\"target\":{\"@type\":\"EntryPoint\",\"urlTemplate\":\"https:\\\/\\\/www.allegrahotel.ch\\\/?s={search_term_string}\"},\"query-input\":{\"@type\":\"PropertyValueSpecification\",\"valueRequired\":true,\"valueName\":\"search_term_string\"}}],\"inLanguage\":\"en-GB\"},{\"@type\":\"Organization\",\"@id\":\"https:\\\/\\\/www.allegrahotel.ch\\\/#organization\",\"name\":\"Allegra Hotel Pontresina\",\"url\":\"https:\\\/\\\/www.allegrahotel.ch\\\/\",\"logo\":{\"@type\":\"ImageObject\",\"inLanguage\":\"en-GB\",\"@id\":\"https:\\\/\\\/www.allegrahotel.ch\\\/#\\\/schema\\\/logo\\\/image\\\/\",\"url\":\"https:\\\/\\\/www.allegrahotel.ch\\\/wp-content\\\/uploads\\\/2019\\\/11\\\/cropped-allegra_logo.png\",\"contentUrl\":\"https:\\\/\\\/www.allegrahotel.ch\\\/wp-content\\\/uploads\\\/2019\\\/11\\\/cropped-allegra_logo.png\",\"width\":417,\"height\":152,\"caption\":\"Allegra Hotel Pontresina\"},\"image\":{\"@id\":\"https:\\\/\\\/www.allegrahotel.ch\\\/#\\\/schema\\\/logo\\\/image\\\/\"}}]}<\/script>\n<!-- \/ Yoast SEO plugin. -->","yoast_head_json":{"title":"Jobs - Allegra Hotel Pontresina","robots":{"index":"index","follow":"follow","max-snippet":"max-snippet:-1","max-image-preview":"max-image-preview:large","max-video-preview":"max-video-preview:-1"},"canonical":"https:\/\/www.allegrahotel.ch\/en\/jobs\/","og_locale":"en_GB","og_type":"article","og_title":"Jobs - Allegra Hotel Pontresina","og_description":"Jobs Sch\u00f6n, dass Sie sich f\u00fcr eine Mitarbeit im ALLEGRA-TEAM interessieren. Wir w\u00fcrden uns freuen, Sie zu unserem Team z\u00e4hlen zu d\u00fcrfen und mit Ihnen gemeinsam erfolgreich zu arbeiten. Wenn Sie \u00fcber eine hohe Dienstleistungsbereitschaft verf\u00fcgen, gerne Gastfreundschaft leben und mit Freude und einem Lachen unseren G\u00e4ste begegnen m\u00f6chten, dann k\u00f6nnten Sie schon bald zu [&hellip;]","og_url":"https:\/\/www.allegrahotel.ch\/en\/jobs\/","og_site_name":"Allegra Hotel Pontresina","article_modified_time":"2022-10-10T15:03:03+00:00","og_image":[{"width":2560,"height":1704,"url":"https:\/\/www.allegrahotel.ch\/wp-content\/uploads\/2019\/11\/handshake-scaled.jpg","type":"image\/jpeg"}],"twitter_card":"summary_large_image","twitter_misc":{"Estimated reading time":"1 minute"},"schema":{"@context":"https:\/\/schema.org","@graph":[{"@type":"WebPage","@id":"https:\/\/www.allegrahotel.ch\/jobs\/","url":"https:\/\/www.allegrahotel.ch\/jobs\/","name":"Jobs - Allegra Hotel Pontresina","isPartOf":{"@id":"https:\/\/www.allegrahotel.ch\/#website"},"primaryImageOfPage":{"@id":"https:\/\/www.allegrahotel.ch\/jobs\/#primaryimage"},"image":{"@id":"https:\/\/www.allegrahotel.ch\/jobs\/#primaryimage"},"thumbnailUrl":"https:\/\/www.allegrahotel.ch\/wp-content\/uploads\/2019\/11\/handshake-scaled.jpg","datePublished":"2019-11-26T13:15:16+00:00","dateModified":"2022-10-10T15:03:03+00:00","breadcrumb":{"@id":"https:\/\/www.allegrahotel.ch\/jobs\/#breadcrumb"},"inLanguage":"en-GB","potentialAction":[{"@type":"ReadAction","target":["https:\/\/www.allegrahotel.ch\/jobs\/"]}]},{"@type":"ImageObject","inLanguage":"en-GB","@id":"https:\/\/www.allegrahotel.ch\/jobs\/#primaryimage","url":"https:\/\/www.allegrahotel.ch\/wp-content\/uploads\/2019\/11\/handshake-scaled.jpg","contentUrl":"https:\/\/www.allegrahotel.ch\/wp-content\/uploads\/2019\/11\/handshake-scaled.jpg","width":2560,"height":1704},{"@type":"BreadcrumbList","@id":"https:\/\/www.allegrahotel.ch\/jobs\/#breadcrumb","itemListElement":[{"@type":"ListItem","position":1,"name":"Home","item":"https:\/\/www.allegrahotel.ch\/"},{"@type":"ListItem","position":2,"name":"Hotel","item":"https:\/\/www.allegrahotel.ch\/it\/c\/hotel\/"},{"@type":"ListItem","position":3,"name":"Jobs"}]},{"@type":"WebSite","@id":"https:\/\/www.allegrahotel.ch\/#website","url":"https:\/\/www.allegrahotel.ch\/","name":"Allegra Hotel Pontresina","description":"Our ALLEGRA offers you a choice of 54 rooms on 4 floors","publisher":{"@id":"https:\/\/www.allegrahotel.ch\/#organization"},"potentialAction":[{"@type":"SearchAction","target":{"@type":"EntryPoint","urlTemplate":"https:\/\/www.allegrahotel.ch\/?s={search_term_string}"},"query-input":{"@type":"PropertyValueSpecification","valueRequired":true,"valueName":"search_term_string"}}],"inLanguage":"en-GB"},{"@type":"Organization","@id":"https:\/\/www.allegrahotel.ch\/#organization","name":"Allegra Hotel Pontresina","url":"https:\/\/www.allegrahotel.ch\/","logo":{"@type":"ImageObject","inLanguage":"en-GB","@id":"https:\/\/www.allegrahotel.ch\/#\/schema\/logo\/image\/","url":"https:\/\/www.allegrahotel.ch\/wp-content\/uploads\/2019\/11\/cropped-allegra_logo.png","contentUrl":"https:\/\/www.allegrahotel.ch\/wp-content\/uploads\/2019\/11\/cropped-allegra_logo.png","width":417,"height":152,"caption":"Allegra Hotel Pontresina"},"image":{"@id":"https:\/\/www.allegrahotel.ch\/#\/schema\/logo\/image\/"}}]}},"_links":{"self":[{"href":"https:\/\/www.allegrahotel.ch\/en\/wp-json\/wp\/v2\/pages\/1771","targetHints":{"allow":["GET"]}}],"collection":[{"href":"https:\/\/www.allegrahotel.ch\/en\/wp-json\/wp\/v2\/pages"}],"about":[{"href":"https:\/\/www.allegrahotel.ch\/en\/wp-json\/wp\/v2\/types\/page"}],"author":[{"embeddable":true,"href":"https:\/\/www.allegrahotel.ch\/en\/wp-json\/wp\/v2\/users\/3"}],"replies":[{"embeddable":true,"href":"https:\/\/www.allegrahotel.ch\/en\/wp-json\/wp\/v2\/comments?post=1771"}],"version-history":[{"count":0,"href":"https:\/\/www.allegrahotel.ch\/en\/wp-json\/wp\/v2\/pages\/1771\/revisions"}],"wp:featuredmedia":[{"embeddable":true,"href":"https:\/\/www.allegrahotel.ch\/en\/wp-json\/wp\/v2\/media\/2031"}],"wp:attachment":[{"href":"https:\/\/www.allegrahotel.ch\/en\/wp-json\/wp\/v2\/media?parent=1771"}],"wp:term":[{"taxonomy":"category","embeddable":true,"href":"https:\/\/www.allegrahotel.ch\/en\/wp-json\/wp\/v2\/categories?post=1771"},{"taxonomy":"post_tag","embeddable":true,"href":"https:\/\/www.allegrahotel.ch\/en\/wp-json\/wp\/v2\/tags?post=1771"}],"curies":[{"name":"wp","href":"https:\/\/api.w.org\/{rel}","templated":true}]}}