{"id":1197,"date":"2019-11-18T15:08:27","date_gmt":"2019-11-18T14:08:27","guid":{"rendered":"https:\/\/www.allegrahotel.ch\/?page_id=1197"},"modified":"2020-01-29T09:52:59","modified_gmt":"2020-01-29T08:52:59","slug":"data-protection","status":"publish","type":"page","link":"https:\/\/www.allegrahotel.ch\/en\/datenschutzerklaerung\/","title":{"rendered":"Data protection"},"content":{"rendered":"<div data-elementor-type=\"wp-page\" data-elementor-id=\"1197\" class=\"elementor elementor-1197\" data-elementor-post-type=\"page\">\n\t\t\t\t\t\t<section class=\"elementor-section elementor-top-section elementor-element elementor-element-9e560a9 elementor-section-boxed elementor-section-height-default elementor-section-height-default\" data-id=\"9e560a9\" data-element_type=\"section\" data-e-type=\"section\">\n\t\t\t\t\t\t<div class=\"elementor-container elementor-column-gap-default\">\n\t\t\t\t\t<div class=\"elementor-column elementor-col-100 elementor-top-column elementor-element elementor-element-e1dff18\" data-id=\"e1dff18\" data-element_type=\"column\" data-e-type=\"column\">\n\t\t\t<div class=\"elementor-widget-wrap elementor-element-populated\">\n\t\t\t\t\t\t<div class=\"elementor-element elementor-element-3ffb0e8 elementor-widget elementor-widget-heading\" data-id=\"3ffb0e8\" data-element_type=\"widget\" data-e-type=\"widget\" data-widget_type=\"heading.default\">\n\t\t\t\t<div class=\"elementor-widget-container\">\n\t\t\t\t\t<h2 class=\"elementor-heading-title elementor-size-default\">Data protection<\/h2>\t\t\t\t<\/div>\n\t\t\t\t<\/div>\n\t\t\t\t\t<\/div>\n\t\t<\/div>\n\t\t\t\t\t<\/div>\n\t\t<\/section>\n\t\t\t\t<section class=\"elementor-section elementor-top-section elementor-element elementor-element-0ff3db0 elementor-section-boxed elementor-section-height-default elementor-section-height-default\" data-id=\"0ff3db0\" data-element_type=\"section\" data-e-type=\"section\">\n\t\t\t\t\t\t<div class=\"elementor-container elementor-column-gap-default\">\n\t\t\t\t\t<div class=\"elementor-column elementor-col-50 elementor-top-column elementor-element elementor-element-bf0cb57\" data-id=\"bf0cb57\" data-element_type=\"column\" data-e-type=\"column\">\n\t\t\t<div class=\"elementor-widget-wrap elementor-element-populated\">\n\t\t\t\t\t\t<div class=\"elementor-element elementor-element-d05021f elementor-widget elementor-widget-text-editor\" data-id=\"d05021f\" data-element_type=\"widget\" data-e-type=\"widget\" data-widget_type=\"text-editor.default\">\n\t\t\t\t<div class=\"elementor-widget-container\">\n\t\t\t\t\t\t\t\t\t<p><b>Important instructions<\/b><\/p>\n<p>Persons who access information on the Hotel Allegra website agree to the following conditions and undertake to follow the netiquette:<\/p>\n<p><b>Use of the website and copyright<\/b><\/p>\n<p>The entire content of the website is protected by copyright (all rights reserved). Downloading or printing out individual pages and sections of the website is permitted provided that neither the copyright notices nor other legally protected names are removed. If you download software or other data from the website or reproduce it in any other way, all property rights remain with Hotel Allegra. The complete or partial reproduction, transmission (electronically or by other means), modification, linking or use of the website for public or commercial purposes is prohibited without the prior written consent of Hotel Allegra. Logos and product names are trademarks of Hotel Allegra. No part of the website is designed to grant a license or right to use an image, registered trademark or logo.<\/p>\n<p><b>data collection<\/b><\/p>\n<p>The use of our online offers is recorded. The recording is used to collect statistics and to better tailor our offers to customer needs. We sometimes work with companies that process data outside of Switzerland. However, the recorded information does not contain any information that allows conclusions to be drawn about identifiable persons. Only serious misuse cases are reserved, in which authorities require data center- operators to assign an IP address to the respective person. The selection of these companies as well as technical and organizational measures, however, fully take into account Swiss data protection legislation<\/p>\t\t\t\t\t\t\t\t<\/div>\n\t\t\t\t<\/div>\n\t\t\t\t\t<\/div>\n\t\t<\/div>\n\t\t\t\t<div class=\"elementor-column elementor-col-50 elementor-top-column elementor-element elementor-element-94bfb84\" data-id=\"94bfb84\" data-element_type=\"column\" data-e-type=\"column\">\n\t\t\t<div class=\"elementor-widget-wrap elementor-element-populated\">\n\t\t\t\t\t\t<div class=\"elementor-element elementor-element-9b6ef7b elementor-widget elementor-widget-text-editor\" data-id=\"9b6ef7b\" data-element_type=\"widget\" data-e-type=\"widget\" data-widget_type=\"text-editor.default\">\n\t\t\t\t<div class=\"elementor-widget-container\">\n\t\t\t\t\t\t\t\t\t<p><b>No offers<\/b><br \/><span style=\"font-size: 16px;\"><br \/>The information and statements published on the website do not constitute a request, an offer or a recommendation to buy or sell services or to carry out other transactions. The information on the website as a whole is descriptive.<\/span><\/p><p><b>No assurance<\/b><br \/><span style=\"font-size: 16px;\"><br \/>Although that\u00a0<\/span><span style=\"font-size: 16px; font-style: normal; font-weight: 400;\">Hotel Allegra<\/span><span style=\"font-size: 16px;\">\u00a0Every effort has been made to ensure that the information on the website is accurate at the time of publication, neither you nor your contractual partners make any representations or give any guarantee with regard to their correctness, reliability or completeness. The information and views distributed on the website can be changed at any time and without notice.<\/span><\/p><p><b>No warranty<\/b><br \/><span style=\"font-size: 16px;\"><br \/>No guarantee is given for the correctness of the information and views distributed on the website, neither expressly nor implicitly. The\u00a0<\/span><span style=\"font-size: 16px; font-style: normal; font-weight: 400;\">Hotel Allegra<\/span><span style=\"font-size: 16px;\">\u00a0assumes no responsibility and gives no guarantee that the functions on the website will not be interrupted or error-free, that errors will be rectified or that the website and the respective server are free from viruses or harmful components.<\/span><\/p><p><b>Disclaimer<\/b><br \/><span style=\"font-size: 16px;\"><br \/>Any liability of the\u00a0<\/span><span style=\"font-size: 16px; font-style: normal; font-weight: 400;\">Hotel Allegra<\/span><span style=\"font-size: 16px;\">\u00a0(including negligence) for damage or consequential damage resulting from access to the elements of the website or its use (or from the impossibility of access or use) is excluded.<\/span><\/p><p><b>Links to other websites<\/b><br \/><span style=\"font-size: 16px;\"><br \/>The\u00a0<\/span><span style=\"font-size: 16px; font-style: normal; font-weight: 400;\">Hotel Allegra<\/span><span style=\"font-size: 16px;\">\u00a0has not checked the websites linked to the website and accepts no responsibility for their content, the products, services or other offers offered on them.<\/span><\/p>\t\t\t\t\t\t\t\t<\/div>\n\t\t\t\t<\/div>\n\t\t\t\t\t<\/div>\n\t\t<\/div>\n\t\t\t\t\t<\/div>\n\t\t<\/section>\n\t\t\t\t<\/div>","protected":false},"excerpt":{"rendered":"<p>Datenschutzerkl\u00e4rung Wichtige Hinweise Personen, die Informationen auf der Website von Hotel Allegra abrufen, erkl\u00e4ren sich mit den nachstehenden Bedingungen einverstanden und verpflichten sich, die Netiquette zu befolgen: Benutzung der Website und Copyright Der gesamte Inhalt der Website ist urheberrechtlich gesch\u00fctzt (alle Rechte vorbehalten). Das Herunterladen oder Ausdrucken einzelner Seiten und Teilbereiche der \u00adWebsite ist gestattet, [&hellip;]<\/p>\n","protected":false},"author":3,"featured_media":0,"parent":0,"menu_order":0,"comment_status":"closed","ping_status":"closed","template":"","meta":{"site-sidebar-layout":"no-sidebar","site-content-layout":"page-builder","ast-site-content-layout":"default","site-content-style":"default","site-sidebar-style":"default","ast-global-header-display":"","ast-banner-title-visibility":"","ast-main-header-display":"","ast-hfb-above-header-display":"","ast-hfb-below-header-display":"","ast-hfb-mobile-header-display":"","site-post-title":"disabled","ast-breadcrumbs-content":"","ast-featured-img":"disabled","footer-sml-layout":"","ast-disable-related-posts":"","theme-transparent-header-meta":"default","adv-header-id-meta":"","stick-header-meta":"default","header-above-stick-meta":"","header-main-stick-meta":"","header-below-stick-meta":"","astra-migrate-meta-layouts":"default","ast-page-background-enabled":"default","ast-page-background-meta":{"desktop":{"background-color":"","background-image":"","background-repeat":"repeat","background-position":"center center","background-size":"auto","background-attachment":"scroll","background-type":"","background-media":"","overlay-type":"","overlay-color":"","overlay-opacity":"","overlay-gradient":""},"tablet":{"background-color":"","background-image":"","background-repeat":"repeat","background-position":"center center","background-size":"auto","background-attachment":"scroll","background-type":"","background-media":"","overlay-type":"","overlay-color":"","overlay-opacity":"","overlay-gradient":""},"mobile":{"background-color":"","background-image":"","background-repeat":"repeat","background-position":"center center","background-size":"auto","background-attachment":"scroll","background-type":"","background-media":"","overlay-type":"","overlay-color":"","overlay-opacity":"","overlay-gradient":""}},"ast-content-background-meta":{"desktop":{"background-color":"var(--ast-global-color-5)","background-image":"","background-repeat":"repeat","background-position":"center center","background-size":"auto","background-attachment":"scroll","background-type":"","background-media":"","overlay-type":"","overlay-color":"","overlay-opacity":"","overlay-gradient":""},"tablet":{"background-color":"var(--ast-global-color-5)","background-image":"","background-repeat":"repeat","background-position":"center center","background-size":"auto","background-attachment":"scroll","background-type":"","background-media":"","overlay-type":"","overlay-color":"","overlay-opacity":"","overlay-gradient":""},"mobile":{"background-color":"var(--ast-global-color-5)","background-image":"","background-repeat":"repeat","background-position":"center center","background-size":"auto","background-attachment":"scroll","background-type":"","background-media":"","overlay-type":"","overlay-color":"","overlay-opacity":"","overlay-gradient":""}},"footnotes":""},"categories":[],"tags":[],"class_list":["post-1197","page","type-page","status-publish","hentry"],"yoast_head":"<!-- This site is optimized with the Yoast SEO plugin v27.4 - https:\/\/yoast.com\/product\/yoast-seo-wordpress\/ -->\n<title>Datenschutzerkl\u00e4rung - Allegra Hotel Pontresina<\/title>\n<meta name=\"robots\" content=\"index, follow, max-snippet:-1, max-image-preview:large, max-video-preview:-1\" \/>\n<link rel=\"canonical\" href=\"https:\/\/www.allegrahotel.ch\/en\/data-protection\/\" \/>\n<meta property=\"og:locale\" content=\"en_GB\" \/>\n<meta property=\"og:type\" content=\"article\" \/>\n<meta property=\"og:title\" content=\"Datenschutzerkl\u00e4rung - Allegra Hotel Pontresina\" \/>\n<meta property=\"og:description\" content=\"Datenschutzerkl\u00e4rung Wichtige Hinweise Personen, die Informationen auf der Website von Hotel Allegra abrufen, erkl\u00e4ren sich mit den nachstehenden Bedingungen einverstanden und verpflichten sich, die Netiquette zu befolgen: Benutzung der Website und Copyright Der gesamte Inhalt der Website ist urheberrechtlich gesch\u00fctzt (alle Rechte vorbehalten). Das Herunterladen oder Ausdrucken einzelner Seiten und Teilbereiche der \u00adWebsite ist gestattet, [&hellip;]\" \/>\n<meta property=\"og:url\" content=\"https:\/\/www.allegrahotel.ch\/en\/data-protection\/\" \/>\n<meta property=\"og:site_name\" content=\"Allegra Hotel Pontresina\" \/>\n<meta property=\"article:modified_time\" content=\"2020-01-29T08:52:59+00:00\" \/>\n<meta name=\"twitter:card\" content=\"summary_large_image\" \/>\n<meta name=\"twitter:label1\" content=\"Estimated reading time\" \/>\n\t<meta name=\"twitter:data1\" content=\"2 minutes\" \/>\n<script type=\"application\/ld+json\" class=\"yoast-schema-graph\">{\"@context\":\"https:\\\/\\\/schema.org\",\"@graph\":[{\"@type\":\"WebPage\",\"@id\":\"https:\\\/\\\/www.allegrahotel.ch\\\/it\\\/erklaerung-la-protezione-dei-dati\\\/\",\"url\":\"https:\\\/\\\/www.allegrahotel.ch\\\/it\\\/erklaerung-la-protezione-dei-dati\\\/\",\"name\":\"Datenschutzerkl\u00e4rung - Allegra Hotel Pontresina\",\"isPartOf\":{\"@id\":\"https:\\\/\\\/www.allegrahotel.ch\\\/#website\"},\"datePublished\":\"2019-11-18T14:08:27+00:00\",\"dateModified\":\"2020-01-29T08:52:59+00:00\",\"breadcrumb\":{\"@id\":\"https:\\\/\\\/www.allegrahotel.ch\\\/it\\\/erklaerung-la-protezione-dei-dati\\\/#breadcrumb\"},\"inLanguage\":\"en-GB\",\"potentialAction\":[{\"@type\":\"ReadAction\",\"target\":[\"https:\\\/\\\/www.allegrahotel.ch\\\/it\\\/erklaerung-la-protezione-dei-dati\\\/\"]}]},{\"@type\":\"BreadcrumbList\",\"@id\":\"https:\\\/\\\/www.allegrahotel.ch\\\/it\\\/erklaerung-la-protezione-dei-dati\\\/#breadcrumb\",\"itemListElement\":[{\"@type\":\"ListItem\",\"position\":1,\"name\":\"Home\",\"item\":\"https:\\\/\\\/www.allegrahotel.ch\\\/\"},{\"@type\":\"ListItem\",\"position\":2,\"name\":\"Datenschutzerkl\u00e4rung\"}]},{\"@type\":\"WebSite\",\"@id\":\"https:\\\/\\\/www.allegrahotel.ch\\\/#website\",\"url\":\"https:\\\/\\\/www.allegrahotel.ch\\\/\",\"name\":\"Allegra Hotel Pontresina\",\"description\":\"Unser ALLEGRA bietet Ihnen auf 4 Etagen eine Auswahl an 54 Zimmern\",\"publisher\":{\"@id\":\"https:\\\/\\\/www.allegrahotel.ch\\\/#organization\"},\"potentialAction\":[{\"@type\":\"SearchAction\",\"target\":{\"@type\":\"EntryPoint\",\"urlTemplate\":\"https:\\\/\\\/www.allegrahotel.ch\\\/?s={search_term_string}\"},\"query-input\":{\"@type\":\"PropertyValueSpecification\",\"valueRequired\":true,\"valueName\":\"search_term_string\"}}],\"inLanguage\":\"en-GB\"},{\"@type\":\"Organization\",\"@id\":\"https:\\\/\\\/www.allegrahotel.ch\\\/#organization\",\"name\":\"Allegra Hotel Pontresina\",\"url\":\"https:\\\/\\\/www.allegrahotel.ch\\\/\",\"logo\":{\"@type\":\"ImageObject\",\"inLanguage\":\"en-GB\",\"@id\":\"https:\\\/\\\/www.allegrahotel.ch\\\/#\\\/schema\\\/logo\\\/image\\\/\",\"url\":\"https:\\\/\\\/www.allegrahotel.ch\\\/wp-content\\\/uploads\\\/2019\\\/11\\\/cropped-allegra_logo.png\",\"contentUrl\":\"https:\\\/\\\/www.allegrahotel.ch\\\/wp-content\\\/uploads\\\/2019\\\/11\\\/cropped-allegra_logo.png\",\"width\":417,\"height\":152,\"caption\":\"Allegra Hotel Pontresina\"},\"image\":{\"@id\":\"https:\\\/\\\/www.allegrahotel.ch\\\/#\\\/schema\\\/logo\\\/image\\\/\"}}]}<\/script>\n<!-- \/ Yoast SEO plugin. -->","yoast_head_json":{"title":"Privacy Policy - Allegra Hotel Pontresina","robots":{"index":"index","follow":"follow","max-snippet":"max-snippet:-1","max-image-preview":"max-image-preview:large","max-video-preview":"max-video-preview:-1"},"canonical":"https:\/\/www.allegrahotel.ch\/en\/data-protection\/","og_locale":"en_GB","og_type":"article","og_title":"Datenschutzerkl\u00e4rung - Allegra Hotel Pontresina","og_description":"Datenschutzerkl\u00e4rung Wichtige Hinweise Personen, die Informationen auf der Website von Hotel Allegra abrufen, erkl\u00e4ren sich mit den nachstehenden Bedingungen einverstanden und verpflichten sich, die Netiquette zu befolgen: Benutzung der Website und Copyright Der gesamte Inhalt der Website ist urheberrechtlich gesch\u00fctzt (alle Rechte vorbehalten). Das Herunterladen oder Ausdrucken einzelner Seiten und Teilbereiche der \u00adWebsite ist gestattet, [&hellip;]","og_url":"https:\/\/www.allegrahotel.ch\/en\/data-protection\/","og_site_name":"Allegra Hotel Pontresina","article_modified_time":"2020-01-29T08:52:59+00:00","twitter_card":"summary_large_image","twitter_misc":{"Estimated reading time":"2 minutes"},"schema":{"@context":"https:\/\/schema.org","@graph":[{"@type":"WebPage","@id":"https:\/\/www.allegrahotel.ch\/it\/erklaerung-la-protezione-dei-dati\/","url":"https:\/\/www.allegrahotel.ch\/it\/erklaerung-la-protezione-dei-dati\/","name":"Privacy Policy - Allegra Hotel Pontresina","isPartOf":{"@id":"https:\/\/www.allegrahotel.ch\/#website"},"datePublished":"2019-11-18T14:08:27+00:00","dateModified":"2020-01-29T08:52:59+00:00","breadcrumb":{"@id":"https:\/\/www.allegrahotel.ch\/it\/erklaerung-la-protezione-dei-dati\/#breadcrumb"},"inLanguage":"en-GB","potentialAction":[{"@type":"ReadAction","target":["https:\/\/www.allegrahotel.ch\/it\/erklaerung-la-protezione-dei-dati\/"]}]},{"@type":"BreadcrumbList","@id":"https:\/\/www.allegrahotel.ch\/it\/erklaerung-la-protezione-dei-dati\/#breadcrumb","itemListElement":[{"@type":"ListItem","position":1,"name":"Home","item":"https:\/\/www.allegrahotel.ch\/"},{"@type":"ListItem","position":2,"name":"Datenschutzerkl\u00e4rung"}]},{"@type":"WebSite","@id":"https:\/\/www.allegrahotel.ch\/#website","url":"https:\/\/www.allegrahotel.ch\/","name":"Allegra Hotel Pontresina","description":"Our ALLEGRA offers you a choice of 54 rooms on 4 floors","publisher":{"@id":"https:\/\/www.allegrahotel.ch\/#organization"},"potentialAction":[{"@type":"SearchAction","target":{"@type":"EntryPoint","urlTemplate":"https:\/\/www.allegrahotel.ch\/?s={search_term_string}"},"query-input":{"@type":"PropertyValueSpecification","valueRequired":true,"valueName":"search_term_string"}}],"inLanguage":"en-GB"},{"@type":"Organization","@id":"https:\/\/www.allegrahotel.ch\/#organization","name":"Allegra Hotel Pontresina","url":"https:\/\/www.allegrahotel.ch\/","logo":{"@type":"ImageObject","inLanguage":"en-GB","@id":"https:\/\/www.allegrahotel.ch\/#\/schema\/logo\/image\/","url":"https:\/\/www.allegrahotel.ch\/wp-content\/uploads\/2019\/11\/cropped-allegra_logo.png","contentUrl":"https:\/\/www.allegrahotel.ch\/wp-content\/uploads\/2019\/11\/cropped-allegra_logo.png","width":417,"height":152,"caption":"Allegra Hotel Pontresina"},"image":{"@id":"https:\/\/www.allegrahotel.ch\/#\/schema\/logo\/image\/"}}]}},"_links":{"self":[{"href":"https:\/\/www.allegrahotel.ch\/en\/wp-json\/wp\/v2\/pages\/1197","targetHints":{"allow":["GET"]}}],"collection":[{"href":"https:\/\/www.allegrahotel.ch\/en\/wp-json\/wp\/v2\/pages"}],"about":[{"href":"https:\/\/www.allegrahotel.ch\/en\/wp-json\/wp\/v2\/types\/page"}],"author":[{"embeddable":true,"href":"https:\/\/www.allegrahotel.ch\/en\/wp-json\/wp\/v2\/users\/3"}],"replies":[{"embeddable":true,"href":"https:\/\/www.allegrahotel.ch\/en\/wp-json\/wp\/v2\/comments?post=1197"}],"version-history":[{"count":0,"href":"https:\/\/www.allegrahotel.ch\/en\/wp-json\/wp\/v2\/pages\/1197\/revisions"}],"wp:attachment":[{"href":"https:\/\/www.allegrahotel.ch\/en\/wp-json\/wp\/v2\/media?parent=1197"}],"wp:term":[{"taxonomy":"category","embeddable":true,"href":"https:\/\/www.allegrahotel.ch\/en\/wp-json\/wp\/v2\/categories?post=1197"},{"taxonomy":"post_tag","embeddable":true,"href":"https:\/\/www.allegrahotel.ch\/en\/wp-json\/wp\/v2\/tags?post=1197"}],"curies":[{"name":"wp","href":"https:\/\/api.w.org\/{rel}","templated":true}]}}